{"id":568,"date":"2024-12-11T12:41:45","date_gmt":"2024-12-11T12:41:45","guid":{"rendered":"https:\/\/edilcassvb.com\/?page_id=568"},"modified":"2025-03-04T11:33:53","modified_gmt":"2025-03-04T11:33:53","slug":"luce","status":"publish","type":"page","link":"https:\/\/edilcassvb.com\/en\/luce\/","title":{"rendered":"Luce"},"content":{"rendered":"<div data-elementor-type=\"wp-page\" data-elementor-id=\"568\" class=\"elementor elementor-568\" data-elementor-post-type=\"page\">\n\t\t\t\t<div class=\"elementor-element elementor-element-583255b e-flex e-con-boxed e-con e-parent\" data-id=\"583255b\" data-element_type=\"container\" data-e-type=\"container\" data-settings=\"{&quot;background_background&quot;:&quot;classic&quot;}\">\n\t\t\t\t\t<div class=\"e-con-inner\">\n\t\t<div class=\"elementor-element elementor-element-32a3b42 e-con-full e-flex e-con e-child\" data-id=\"32a3b42\" data-element_type=\"container\" data-e-type=\"container\">\n\t\t\t\t<\/div>\n\t\t\t\t\t<\/div>\n\t\t\t\t<\/div>\n\t\t<div class=\"elementor-element elementor-element-92864be e-flex e-con-boxed e-con e-parent\" data-id=\"92864be\" data-element_type=\"container\" data-e-type=\"container\" data-settings=\"{&quot;background_background&quot;:&quot;classic&quot;}\">\n\t\t\t\t\t<div class=\"e-con-inner\">\n\t\t<div class=\"elementor-element elementor-element-2f9a59c e-con-full e-flex e-con e-child\" data-id=\"2f9a59c\" data-element_type=\"container\" data-e-type=\"container\">\n\t\t\t\t<div class=\"elementor-element elementor-element-58c4bd1 elementor-widget elementor-widget-image\" data-id=\"58c4bd1\" data-element_type=\"widget\" data-e-type=\"widget\" data-widget_type=\"image.default\">\n\t\t\t\t<div class=\"elementor-widget-container\">\n\t\t\t\t\t\t\t\t\t\t\t\t\t\t\t<img fetchpriority=\"high\" decoding=\"async\" width=\"900\" height=\"600\" src=\"https:\/\/edilcassvb.com\/wp-content\/uploads\/2024\/12\/Luce.jpg\" class=\"attachment-full size-full wp-image-616\" alt=\"Luce\" srcset=\"https:\/\/edilcassvb.com\/wp-content\/uploads\/2024\/12\/Luce.jpg 900w, https:\/\/edilcassvb.com\/wp-content\/uploads\/2024\/12\/Luce-300x200.jpg 300w, https:\/\/edilcassvb.com\/wp-content\/uploads\/2024\/12\/Luce-768x512.jpg 768w\" sizes=\"(max-width: 900px) 100vw, 900px\" \/>\t\t\t\t\t\t\t\t\t\t\t\t\t\t\t<\/div>\n\t\t\t\t<\/div>\n\t\t\t\t<\/div>\n\t\t<div class=\"elementor-element elementor-element-f70b25d e-con-full e-flex e-con e-child\" data-id=\"f70b25d\" data-element_type=\"container\" data-e-type=\"container\" data-settings=\"{&quot;background_background&quot;:&quot;classic&quot;}\">\n\t\t\t\t<div class=\"elementor-element elementor-element-ae1bf10 elementor-widget elementor-widget-heading\" data-id=\"ae1bf10\" data-element_type=\"widget\" data-e-type=\"widget\" data-widget_type=\"heading.default\">\n\t\t\t\t<div class=\"elementor-widget-container\">\n\t\t\t\t\t<h3 class=\"elementor-heading-title elementor-size-default\">The details<\/h3>\t\t\t\t<\/div>\n\t\t\t\t<\/div>\n\t\t<div class=\"elementor-element elementor-element-b5349bd e-con-full e-flex e-con e-child\" data-id=\"b5349bd\" data-element_type=\"container\" data-e-type=\"container\">\n\t\t\t\t<div class=\"elementor-element elementor-element-0f84986 elementor-widget__width-initial elementor-widget elementor-widget-heading\" data-id=\"0f84986\" data-element_type=\"widget\" data-e-type=\"widget\" data-widget_type=\"heading.default\">\n\t\t\t\t<div class=\"elementor-widget-container\">\n\t\t\t\t\t<h5 class=\"elementor-heading-title elementor-size-default\">Category<\/h5>\t\t\t\t<\/div>\n\t\t\t\t<\/div>\n\t\t\t\t<div class=\"elementor-element elementor-element-3a77878 elementor-widget__width-initial elementor-widget elementor-widget-heading\" data-id=\"3a77878\" data-element_type=\"widget\" data-e-type=\"widget\" data-widget_type=\"heading.default\">\n\t\t\t\t<div class=\"elementor-widget-container\">\n\t\t\t\t\t<h5 class=\"elementor-heading-title elementor-size-default\">: Luce <\/h5>\t\t\t\t<\/div>\n\t\t\t\t<\/div>\n\t\t\t\t<\/div>\n\t\t<div class=\"elementor-element elementor-element-d3aef3d e-con-full e-flex e-con e-child\" data-id=\"d3aef3d\" data-element_type=\"container\" data-e-type=\"container\">\n\t\t\t\t<div class=\"elementor-element elementor-element-fffa86d elementor-widget__width-initial elementor-widget elementor-widget-heading\" data-id=\"fffa86d\" data-element_type=\"widget\" data-e-type=\"widget\" data-widget_type=\"heading.default\">\n\t\t\t\t<div class=\"elementor-widget-container\">\n\t\t\t\t\t<h5 class=\"elementor-heading-title elementor-size-default\">Nominal size<\/h5>\t\t\t\t<\/div>\n\t\t\t\t<\/div>\n\t\t\t\t<div class=\"elementor-element elementor-element-b0605d3 elementor-widget__width-initial elementor-widget elementor-widget-heading\" data-id=\"b0605d3\" data-element_type=\"widget\" data-e-type=\"widget\" data-widget_type=\"heading.default\">\n\t\t\t\t<div class=\"elementor-widget-container\">\n\t\t\t\t\t<h5 class=\"elementor-heading-title elementor-size-default\">13x50mm<\/h5>\t\t\t\t<\/div>\n\t\t\t\t<\/div>\n\t\t\t\t<\/div>\n\t\t\t\t<div class=\"elementor-element elementor-element-92281cf elementor-widget elementor-widget-spacer\" data-id=\"92281cf\" data-element_type=\"widget\" data-e-type=\"widget\" data-widget_type=\"spacer.default\">\n\t\t\t\t<div class=\"elementor-widget-container\">\n\t\t\t\t\t\t\t<div class=\"elementor-spacer\">\n\t\t\t<div class=\"elementor-spacer-inner\"><\/div>\n\t\t<\/div>\n\t\t\t\t\t\t<\/div>\n\t\t\t\t<\/div>\n\t\t\t\t<\/div>\n\t\t\t\t\t<\/div>\n\t\t\t\t<\/div>\n\t\t<div class=\"elementor-element elementor-element-43eb3db e-flex e-con-boxed e-con e-parent\" data-id=\"43eb3db\" data-element_type=\"container\" data-e-type=\"container\">\n\t\t\t\t\t<div class=\"e-con-inner\">\n\t\t\t\t<div class=\"elementor-element elementor-element-a88c30b elementor-widget elementor-widget-icon-box\" data-id=\"a88c30b\" data-element_type=\"widget\" data-e-type=\"widget\" data-widget_type=\"icon-box.default\">\n\t\t\t\t<div class=\"elementor-widget-container\">\n\t\t\t\t\t\t\t<div class=\"elementor-icon-box-wrapper\">\n\n\t\t\t\n\t\t\t\t\t\t<div class=\"elementor-icon-box-content\">\n\n\t\t\t\t\t\t\t\t\t<h2 class=\"elementor-icon-box-title\">\n\t\t\t\t\t\t<span  >\n\t\t\t\t\t\t\tContact for technical support\t\t\t\t\t\t<\/span>\n\t\t\t\t\t<\/h2>\n\t\t\t\t\n\t\t\t\t\n\t\t\t<\/div>\n\t\t\t\n\t\t<\/div>\n\t\t\t\t\t\t<\/div>\n\t\t\t\t<\/div>\n\t\t\t\t<div class=\"elementor-element elementor-element-fc66482 elementor-button-align-stretch elementor-widget elementor-widget-form\" data-id=\"fc66482\" data-element_type=\"widget\" data-e-type=\"widget\" data-settings=\"{&quot;step_next_label&quot;:&quot;Next&quot;,&quot;step_previous_label&quot;:&quot;Previous&quot;,&quot;button_width&quot;:&quot;100&quot;,&quot;step_type&quot;:&quot;number_text&quot;,&quot;step_icon_shape&quot;:&quot;circle&quot;}\" data-widget_type=\"form.default\">\n\t\t\t\t<div class=\"elementor-widget-container\">\n\t\t\t\t\t\t\t<form class=\"elementor-form\" method=\"post\" name=\"New Form\" action=\"\">\n\t\t\t<input type=\"hidden\" name=\"post_id\" value=\"568\"\/>\n\t\t\t<input type=\"hidden\" name=\"form_id\" value=\"fc66482\"\/>\n\t\t\t<input type=\"hidden\" name=\"referer_title\" value=\"Luce - Zgjidhje Inovative p\u00ebr Grila &amp; Dritare\" \/>\n\n\t\t\t\t\t\t\t<input type=\"hidden\" name=\"queried_id\" value=\"568\"\/>\n\t\t\t\n\t\t\t<div class=\"elementor-form-fields-wrapper elementor-labels-\">\n\t\t\t\t\t\t\t\t<div class=\"elementor-field-type-text elementor-field-group elementor-column elementor-field-group-name elementor-col-50\">\n\t\t\t\t\t\t\t\t\t\t\t\t<label for=\"form-field-name\" class=\"elementor-field-label elementor-screen-only\">\n\t\t\t\t\t\t\t\tName\t\t\t\t\t\t\t<\/label>\n\t\t\t\t\t\t\t\t\t\t\t\t\t\t<input size=\"1\" type=\"text\" name=\"form_fields[name]\" id=\"form-field-name\" class=\"elementor-field elementor-size-sm  elementor-field-textual\" placeholder=\"Name\">\n\t\t\t\t\t\t\t\t\t\t\t<\/div>\n\t\t\t\t\t\t\t\t<div class=\"elementor-field-type-email elementor-field-group elementor-column elementor-field-group-email elementor-col-50 elementor-field-required\">\n\t\t\t\t\t\t\t\t\t\t\t\t<label for=\"form-field-email\" class=\"elementor-field-label elementor-screen-only\">\n\t\t\t\t\t\t\t\tEmail\t\t\t\t\t\t\t<\/label>\n\t\t\t\t\t\t\t\t\t\t\t\t\t\t<input size=\"1\" type=\"email\" name=\"form_fields[email]\" id=\"form-field-email\" class=\"elementor-field elementor-size-sm  elementor-field-textual\" placeholder=\"Email\" required=\"required\" aria-required=\"true\">\n\t\t\t\t\t\t\t\t\t\t\t<\/div>\n\t\t\t\t\t\t\t\t<div class=\"elementor-field-type-tel elementor-field-group elementor-column elementor-field-group-field_4b7c142 elementor-col-50 elementor-field-required\">\n\t\t\t\t\t\t\t\t\t\t\t\t<label for=\"form-field-field_4b7c142\" class=\"elementor-field-label elementor-screen-only\">\n\t\t\t\t\t\t\t\tPhone\t\t\t\t\t\t\t<\/label>\n\t\t\t\t\t\t\t\t<input size=\"1\" type=\"tel\" name=\"form_fields[field_4b7c142]\" id=\"form-field-field_4b7c142\" class=\"elementor-field elementor-size-sm  elementor-field-textual\" placeholder=\"Phone\" required=\"required\" aria-required=\"true\" pattern=\"[0-9()#&amp;+*-=.]+\" title=\"Only numbers and phone characters (#, -, *, etc) are accepted.\">\n\n\t\t\t\t\t\t<\/div>\n\t\t\t\t\t\t\t\t<div class=\"elementor-field-type-tel elementor-field-group elementor-column elementor-field-group-field_17f1d1c elementor-col-50\">\n\t\t\t\t\t\t\t\t\t\t\t\t<label for=\"form-field-field_17f1d1c\" class=\"elementor-field-label elementor-screen-only\">\n\t\t\t\t\t\t\t\tCity\t\t\t\t\t\t\t<\/label>\n\t\t\t\t\t\t\t\t<input size=\"1\" type=\"tel\" name=\"form_fields[field_17f1d1c]\" id=\"form-field-field_17f1d1c\" class=\"elementor-field elementor-size-sm  elementor-field-textual\" placeholder=\"City\" pattern=\"[0-9()#&amp;+*-=.]+\" title=\"Only numbers and phone characters (#, -, *, etc) are accepted.\">\n\n\t\t\t\t\t\t<\/div>\n\t\t\t\t\t\t\t\t<div class=\"elementor-field-type-textarea elementor-field-group elementor-column elementor-field-group-message elementor-col-100\">\n\t\t\t\t\t\t\t\t\t\t\t\t<label for=\"form-field-message\" class=\"elementor-field-label elementor-screen-only\">\n\t\t\t\t\t\t\t\tMesazh\t\t\t\t\t\t\t<\/label>\n\t\t\t\t\t\t<textarea class=\"elementor-field-textual elementor-field  elementor-size-sm\" name=\"form_fields[message]\" id=\"form-field-message\" rows=\"4\" placeholder=\"Write your message\"><\/textarea>\t\t\t\t<\/div>\n\t\t\t\t\t\t\t\t<div class=\"elementor-field-type-acceptance elementor-field-group elementor-column elementor-field-group-field_3f8ef13 elementor-col-100 elementor-field-required\">\n\t\t\t\t\t\t\t\t\t\t\t\t<label for=\"form-field-field_3f8ef13\" class=\"elementor-field-label elementor-screen-only\">\n\t\t\t\t\t\t\t\tPolicy\t\t\t\t\t\t\t<\/label>\n\t\t\t\t\t\t\t\t<div class=\"elementor-field-subgroup\">\n\t\t\t<span class=\"elementor-field-option\">\n\t\t\t\t<input type=\"checkbox\" name=\"form_fields[field_3f8ef13]\" id=\"form-field-field_3f8ef13\" class=\"elementor-field elementor-size-sm  elementor-acceptance-field\" required=\"required\" aria-required=\"true\">\n\t\t\t\t<label for=\"form-field-field_3f8ef13\">I CONSENT to process my personal data in order to allow the provision of the requested service or service.<\/label>\t\t\t<\/span>\n\t\t<\/div>\n\t\t\t\t\t\t<\/div>\n\t\t\t\t\t\t\t\t<div class=\"elementor-field-group elementor-column elementor-field-type-submit elementor-col-100 e-form__buttons\">\n\t\t\t\t\t<button class=\"elementor-button elementor-size-sm\" type=\"submit\">\n\t\t\t\t\t\t<span class=\"elementor-button-content-wrapper\">\n\t\t\t\t\t\t\t\t\t\t\t\t\t\t\t\t\t\t\t\t\t\t<span class=\"elementor-button-text\">SUBMIT<\/span>\n\t\t\t\t\t\t\t\t\t\t\t\t\t<\/span>\n\t\t\t\t\t<\/button>\n\t\t\t\t<\/div>\n\t\t\t<\/div>\n\t\t<input type=\"hidden\" name=\"trp-form-language\" value=\"en\"\/><\/form>\n\t\t\t\t\t\t<\/div>\n\t\t\t\t<\/div>\n\t\t\t\t\t<\/div>\n\t\t\t\t<\/div>\n\t\t\t\t<\/div>","protected":false},"excerpt":{"rendered":"<p>Detajet Category : Luce Nominal size 13x50mm Kontaktoni p\u00ebr mb\u00ebshtetje teknike<\/p>","protected":false},"author":1,"featured_media":0,"parent":0,"menu_order":0,"comment_status":"closed","ping_status":"closed","template":"","meta":{"footnotes":""},"class_list":["post-568","page","type-page","status-publish","hentry"],"yoast_head":"<!-- This site is optimized with the Yoast SEO plugin v24.5 - https:\/\/yoast.com\/wordpress\/plugins\/seo\/ -->\n<title>Luce - Zgjidhje Inovative p\u00ebr Grila &amp; Dritare<\/title>\n<meta name=\"description\" content=\"Zgjidhjet Luce nga Edilcass VB ofrojn\u00eb grila cil\u00ebsore dhe monoblloqe izoluese, duke garantuar q\u00ebndrueshm\u00ebri dhe efikasitet.\" \/>\n<meta name=\"robots\" content=\"index, follow, max-snippet:-1, max-image-preview:large, max-video-preview:-1\" \/>\n<link rel=\"canonical\" href=\"https:\/\/edilcassvb.com\/en\/luce\/\" \/>\n<meta property=\"og:locale\" content=\"en_US\" \/>\n<meta property=\"og:type\" content=\"article\" \/>\n<meta property=\"og:title\" content=\"Luce - Zgjidhje Inovative p\u00ebr Grila &amp; Dritare\" \/>\n<meta property=\"og:description\" content=\"Zgjidhjet Luce nga Edilcass VB ofrojn\u00eb grila cil\u00ebsore dhe monoblloqe izoluese, duke garantuar q\u00ebndrueshm\u00ebri dhe efikasitet.\" \/>\n<meta property=\"og:url\" content=\"https:\/\/edilcassvb.com\/en\/luce\/\" \/>\n<meta property=\"og:site_name\" content=\"Edilcass VB\" \/>\n<meta property=\"article:modified_time\" content=\"2025-03-04T11:33:53+00:00\" \/>\n<meta property=\"og:image\" content=\"https:\/\/edilcassvb.com\/wp-content\/uploads\/2024\/12\/Luce.jpg\" \/>\n<meta name=\"twitter:card\" content=\"summary_large_image\" \/>\n<meta name=\"twitter:label1\" content=\"Est. reading time\" \/>\n\t<meta name=\"twitter:data1\" content=\"1 minute\" \/>\n<script type=\"application\/ld+json\" class=\"yoast-schema-graph\">{\"@context\":\"https:\/\/schema.org\",\"@graph\":[{\"@type\":\"WebPage\",\"@id\":\"https:\/\/edilcassvb.com\/luce\/\",\"url\":\"https:\/\/edilcassvb.com\/luce\/\",\"name\":\"Luce - Zgjidhje Inovative p\u00ebr Grila & Dritare\",\"isPartOf\":{\"@id\":\"https:\/\/edilcassvb.com\/#website\"},\"primaryImageOfPage\":{\"@id\":\"https:\/\/edilcassvb.com\/luce\/#primaryimage\"},\"image\":{\"@id\":\"https:\/\/edilcassvb.com\/luce\/#primaryimage\"},\"thumbnailUrl\":\"https:\/\/edilcassvb.com\/wp-content\/uploads\/2024\/12\/Luce.jpg\",\"datePublished\":\"2024-12-11T12:41:45+00:00\",\"dateModified\":\"2025-03-04T11:33:53+00:00\",\"description\":\"Zgjidhjet Luce nga Edilcass VB ofrojn\u00eb grila cil\u00ebsore dhe monoblloqe izoluese, duke garantuar q\u00ebndrueshm\u00ebri dhe efikasitet.\",\"breadcrumb\":{\"@id\":\"https:\/\/edilcassvb.com\/luce\/#breadcrumb\"},\"inLanguage\":\"en-US\",\"potentialAction\":[{\"@type\":\"ReadAction\",\"target\":[\"https:\/\/edilcassvb.com\/luce\/\"]}]},{\"@type\":\"ImageObject\",\"inLanguage\":\"en-US\",\"@id\":\"https:\/\/edilcassvb.com\/luce\/#primaryimage\",\"url\":\"https:\/\/edilcassvb.com\/wp-content\/uploads\/2024\/12\/Luce.jpg\",\"contentUrl\":\"https:\/\/edilcassvb.com\/wp-content\/uploads\/2024\/12\/Luce.jpg\"},{\"@type\":\"BreadcrumbList\",\"@id\":\"https:\/\/edilcassvb.com\/luce\/#breadcrumb\",\"itemListElement\":[{\"@type\":\"ListItem\",\"position\":1,\"name\":\"Home\",\"item\":\"https:\/\/edilcassvb.com\/\"},{\"@type\":\"ListItem\",\"position\":2,\"name\":\"Luce\"}]},{\"@type\":\"WebSite\",\"@id\":\"https:\/\/edilcassvb.com\/#website\",\"url\":\"https:\/\/edilcassvb.com\/\",\"name\":\"Edilcass VB\",\"description\":\"\",\"publisher\":{\"@id\":\"https:\/\/edilcassvb.com\/#organization\"},\"potentialAction\":[{\"@type\":\"SearchAction\",\"target\":{\"@type\":\"EntryPoint\",\"urlTemplate\":\"https:\/\/edilcassvb.com\/?s={search_term_string}\"},\"query-input\":{\"@type\":\"PropertyValueSpecification\",\"valueRequired\":true,\"valueName\":\"search_term_string\"}}],\"inLanguage\":\"en-US\"},{\"@type\":\"Organization\",\"@id\":\"https:\/\/edilcassvb.com\/#organization\",\"name\":\"Edilcass VB\",\"url\":\"https:\/\/edilcassvb.com\/\",\"logo\":{\"@type\":\"ImageObject\",\"inLanguage\":\"en-US\",\"@id\":\"https:\/\/edilcassvb.com\/#\/schema\/logo\/image\/\",\"url\":\"https:\/\/edilcassvb.com\/wp-content\/uploads\/2024\/11\/EDILCASS-VB-Y.png\",\"contentUrl\":\"https:\/\/edilcassvb.com\/wp-content\/uploads\/2024\/11\/EDILCASS-VB-Y.png\",\"width\":1705,\"height\":822,\"caption\":\"Edilcass VB\"},\"image\":{\"@id\":\"https:\/\/edilcassvb.com\/#\/schema\/logo\/image\/\"}}]}<\/script>\n<!-- \/ Yoast SEO plugin. -->","yoast_head_json":{"title":"Luce - Zgjidhje Inovative p\u00ebr Grila & Dritare","description":"Zgjidhjet Luce nga Edilcass VB ofrojn\u00eb grila cil\u00ebsore dhe monoblloqe izoluese, duke garantuar q\u00ebndrueshm\u00ebri dhe efikasitet.","robots":{"index":"index","follow":"follow","max-snippet":"max-snippet:-1","max-image-preview":"max-image-preview:large","max-video-preview":"max-video-preview:-1"},"canonical":"https:\/\/edilcassvb.com\/en\/luce\/","og_locale":"en_US","og_type":"article","og_title":"Luce - Zgjidhje Inovative p\u00ebr Grila & Dritare","og_description":"Zgjidhjet Luce nga Edilcass VB ofrojn\u00eb grila cil\u00ebsore dhe monoblloqe izoluese, duke garantuar q\u00ebndrueshm\u00ebri dhe efikasitet.","og_url":"https:\/\/edilcassvb.com\/en\/luce\/","og_site_name":"Edilcass VB","article_modified_time":"2025-03-04T11:33:53+00:00","og_image":[{"url":"https:\/\/edilcassvb.com\/wp-content\/uploads\/2024\/12\/Luce.jpg","type":"","width":"","height":""}],"twitter_card":"summary_large_image","twitter_misc":{"Est. reading time":"1 minute"},"schema":{"@context":"https:\/\/schema.org","@graph":[{"@type":"WebPage","@id":"https:\/\/edilcassvb.com\/luce\/","url":"https:\/\/edilcassvb.com\/luce\/","name":"Luce - Zgjidhje Inovative p\u00ebr Grila & Dritare","isPartOf":{"@id":"https:\/\/edilcassvb.com\/#website"},"primaryImageOfPage":{"@id":"https:\/\/edilcassvb.com\/luce\/#primaryimage"},"image":{"@id":"https:\/\/edilcassvb.com\/luce\/#primaryimage"},"thumbnailUrl":"https:\/\/edilcassvb.com\/wp-content\/uploads\/2024\/12\/Luce.jpg","datePublished":"2024-12-11T12:41:45+00:00","dateModified":"2025-03-04T11:33:53+00:00","description":"Zgjidhjet Luce nga Edilcass VB ofrojn\u00eb grila cil\u00ebsore dhe monoblloqe izoluese, duke garantuar q\u00ebndrueshm\u00ebri dhe efikasitet.","breadcrumb":{"@id":"https:\/\/edilcassvb.com\/luce\/#breadcrumb"},"inLanguage":"en-US","potentialAction":[{"@type":"ReadAction","target":["https:\/\/edilcassvb.com\/luce\/"]}]},{"@type":"ImageObject","inLanguage":"en-US","@id":"https:\/\/edilcassvb.com\/luce\/#primaryimage","url":"https:\/\/edilcassvb.com\/wp-content\/uploads\/2024\/12\/Luce.jpg","contentUrl":"https:\/\/edilcassvb.com\/wp-content\/uploads\/2024\/12\/Luce.jpg"},{"@type":"BreadcrumbList","@id":"https:\/\/edilcassvb.com\/luce\/#breadcrumb","itemListElement":[{"@type":"ListItem","position":1,"name":"Home","item":"https:\/\/edilcassvb.com\/"},{"@type":"ListItem","position":2,"name":"Luce"}]},{"@type":"WebSite","@id":"https:\/\/edilcassvb.com\/#website","url":"https:\/\/edilcassvb.com\/","name":"Edilcass VB","description":"","publisher":{"@id":"https:\/\/edilcassvb.com\/#organization"},"potentialAction":[{"@type":"SearchAction","target":{"@type":"EntryPoint","urlTemplate":"https:\/\/edilcassvb.com\/?s={search_term_string}"},"query-input":{"@type":"PropertyValueSpecification","valueRequired":true,"valueName":"search_term_string"}}],"inLanguage":"en-US"},{"@type":"Organization","@id":"https:\/\/edilcassvb.com\/#organization","name":"Edilcass VB","url":"https:\/\/edilcassvb.com\/","logo":{"@type":"ImageObject","inLanguage":"en-US","@id":"https:\/\/edilcassvb.com\/#\/schema\/logo\/image\/","url":"https:\/\/edilcassvb.com\/wp-content\/uploads\/2024\/11\/EDILCASS-VB-Y.png","contentUrl":"https:\/\/edilcassvb.com\/wp-content\/uploads\/2024\/11\/EDILCASS-VB-Y.png","width":1705,"height":822,"caption":"Edilcass VB"},"image":{"@id":"https:\/\/edilcassvb.com\/#\/schema\/logo\/image\/"}}]}},"_links":{"self":[{"href":"https:\/\/edilcassvb.com\/en\/wp-json\/wp\/v2\/pages\/568","targetHints":{"allow":["GET"]}}],"collection":[{"href":"https:\/\/edilcassvb.com\/en\/wp-json\/wp\/v2\/pages"}],"about":[{"href":"https:\/\/edilcassvb.com\/en\/wp-json\/wp\/v2\/types\/page"}],"author":[{"embeddable":true,"href":"https:\/\/edilcassvb.com\/en\/wp-json\/wp\/v2\/users\/1"}],"replies":[{"embeddable":true,"href":"https:\/\/edilcassvb.com\/en\/wp-json\/wp\/v2\/comments?post=568"}],"version-history":[{"count":34,"href":"https:\/\/edilcassvb.com\/en\/wp-json\/wp\/v2\/pages\/568\/revisions"}],"predecessor-version":[{"id":938,"href":"https:\/\/edilcassvb.com\/en\/wp-json\/wp\/v2\/pages\/568\/revisions\/938"}],"wp:attachment":[{"href":"https:\/\/edilcassvb.com\/en\/wp-json\/wp\/v2\/media?parent=568"}],"curies":[{"name":"wp","href":"https:\/\/api.w.org\/{rel}","templated":true}]}}