{"id":414,"date":"2024-12-09T10:21:59","date_gmt":"2024-12-09T10:21:59","guid":{"rendered":"https:\/\/edilcassvb.com\/?page_id=414"},"modified":"2025-03-04T06:29:27","modified_gmt":"2025-03-04T06:29:27","slug":"monobllok","status":"publish","type":"page","link":"https:\/\/edilcassvb.com\/en\/monobllok\/","title":{"rendered":"EDILBLOK FOR GRILLE CASSETTES"},"content":{"rendered":"<div data-elementor-type=\"wp-page\" data-elementor-id=\"414\" class=\"elementor elementor-414\" data-elementor-post-type=\"page\">\n\t\t\t\t<div class=\"elementor-element elementor-element-ef81a43 e-flex e-con-boxed e-con e-parent\" data-id=\"ef81a43\" data-element_type=\"container\" data-e-type=\"container\" data-settings=\"{&quot;background_background&quot;:&quot;classic&quot;}\">\n\t\t\t\t\t<div class=\"e-con-inner\">\n\t\t<div class=\"elementor-element elementor-element-5217eef e-con-full e-flex e-con e-child\" data-id=\"5217eef\" data-element_type=\"container\" data-e-type=\"container\">\n\t\t\t\t<\/div>\n\t\t\t\t\t<\/div>\n\t\t\t\t<\/div>\n\t\t<div class=\"elementor-element elementor-element-a6577b1 e-flex e-con-boxed e-con e-parent\" data-id=\"a6577b1\" data-element_type=\"container\" data-e-type=\"container\">\n\t\t\t\t\t<div class=\"e-con-inner\">\n\t\t<div class=\"elementor-element elementor-element-ad12471 e-con-full e-flex e-con e-child\" data-id=\"ad12471\" data-element_type=\"container\" data-e-type=\"container\">\n\t\t\t\t<div class=\"elementor-element elementor-element-123e071 elementor-widget-divider--view-line_text elementor-widget-divider--element-align-center elementor-widget elementor-widget-divider\" data-id=\"123e071\" data-element_type=\"widget\" data-e-type=\"widget\" data-widget_type=\"divider.default\">\n\t\t\t\t<div class=\"elementor-widget-container\">\n\t\t\t\t\t\t\t<div class=\"elementor-divider\">\n\t\t\t<span class=\"elementor-divider-separator\">\n\t\t\t\t\t\t\t<span class=\"elementor-divider__text elementor-divider__element\">\n\t\t\t\tFeatures\t\t\t\t<\/span>\n\t\t\t\t\t\t<\/span>\n\t\t<\/div>\n\t\t\t\t\t\t<\/div>\n\t\t\t\t<\/div>\n\t\t\t\t<div class=\"elementor-element elementor-element-fc173a9 elementor-widget elementor-widget-text-editor\" data-id=\"fc173a9\" data-element_type=\"widget\" data-e-type=\"widget\" data-widget_type=\"text-editor.default\">\n\t\t\t\t<div class=\"elementor-widget-container\">\n\t\t\t\t\t\t\t\t\t<p><span style=\"font-weight: 400;\">The EDILBLOK insulating monoblock is a solution that converts a rough window opening in the wall into a finished, insulated window frame, ready for the installation of the window.<\/span><\/p>\t\t\t\t\t\t\t\t<\/div>\n\t\t\t\t<\/div>\n\t\t\t\t<\/div>\n\t\t<div class=\"elementor-element elementor-element-66bf36b e-con-full e-flex e-con e-child\" data-id=\"66bf36b\" data-element_type=\"container\" data-e-type=\"container\">\n\t\t\t\t<div class=\"elementor-element elementor-element-e63c797 elementor-widget elementor-widget-image-carousel\" data-id=\"e63c797\" data-element_type=\"widget\" data-e-type=\"widget\" data-settings=\"{&quot;slides_to_show&quot;:&quot;1&quot;,&quot;navigation&quot;:&quot;none&quot;,&quot;autoplay_speed&quot;:1000,&quot;effect&quot;:&quot;fade&quot;,&quot;speed&quot;:0,&quot;autoplay&quot;:&quot;yes&quot;,&quot;pause_on_hover&quot;:&quot;yes&quot;,&quot;pause_on_interaction&quot;:&quot;yes&quot;,&quot;infinite&quot;:&quot;yes&quot;}\" data-widget_type=\"image-carousel.default\">\n\t\t\t\t<div class=\"elementor-widget-container\">\n\t\t\t\t\t\t\t<div class=\"elementor-image-carousel-wrapper swiper\" role=\"region\" aria-roledescription=\"carousel\" aria-label=\"Image Carousel\" dir=\"ltr\" data-no-translation-aria-label=\"\">\n\t\t\t<div class=\"elementor-image-carousel swiper-wrapper\" aria-live=\"off\">\n\t\t\t\t\t\t\t\t<div class=\"swiper-slide\" role=\"group\" aria-roledescription=\"slide\" aria-label=\"1 of 3\" data-no-translation-aria-label=\"\"><figure class=\"swiper-slide-inner\"><img decoding=\"async\" class=\"swiper-slide-image\" src=\"https:\/\/edilcassvb.com\/wp-content\/uploads\/2024\/12\/edilblok-avvolgibili-1.jpg\" alt=\"Monobllok\" \/><\/figure><\/div><div class=\"swiper-slide\" role=\"group\" aria-roledescription=\"slide\" aria-label=\"2 of 3\" data-no-translation-aria-label=\"\"><figure class=\"swiper-slide-inner\"><img decoding=\"async\" class=\"swiper-slide-image\" src=\"https:\/\/edilcassvb.com\/wp-content\/uploads\/2024\/12\/edilblok-avvolgibili-2.jpg\" alt=\"edilblok-avvolgibili-2\" \/><\/figure><\/div><div class=\"swiper-slide\" role=\"group\" aria-roledescription=\"slide\" aria-label=\"3 of 3\" data-no-translation-aria-label=\"\"><figure class=\"swiper-slide-inner\"><img decoding=\"async\" class=\"swiper-slide-image\" src=\"https:\/\/edilcassvb.com\/wp-content\/uploads\/2024\/12\/edilblok-avvolgibili-3.jpg\" alt=\"edilblok-avvolgibili-3\" \/><\/figure><\/div>\t\t\t<\/div>\n\t\t\t\t\t\t\t\n\t\t\t\t\t\t\t\t\t<\/div>\n\t\t\t\t\t\t<\/div>\n\t\t\t\t<\/div>\n\t\t\t\t<\/div>\n\t\t\t\t\t<\/div>\n\t\t\t\t<\/div>\n\t\t<div class=\"elementor-element elementor-element-553980b e-flex e-con-boxed e-con e-parent\" data-id=\"553980b\" data-element_type=\"container\" data-e-type=\"container\">\n\t\t\t\t\t<div class=\"e-con-inner\">\n\t\t\t\t<div class=\"elementor-element elementor-element-94b1b6f elementor-widget elementor-widget-icon-box\" data-id=\"94b1b6f\" data-element_type=\"widget\" data-e-type=\"widget\" data-widget_type=\"icon-box.default\">\n\t\t\t\t<div class=\"elementor-widget-container\">\n\t\t\t\t\t\t\t<div class=\"elementor-icon-box-wrapper\">\n\n\t\t\t\n\t\t\t\t\t\t<div class=\"elementor-icon-box-content\">\n\n\t\t\t\t\t\t\t\t\t<h2 class=\"elementor-icon-box-title\">\n\t\t\t\t\t\t<span  >\n\t\t\t\t\t\t\tContact for technical support\t\t\t\t\t\t<\/span>\n\t\t\t\t\t<\/h2>\n\t\t\t\t\n\t\t\t\t\n\t\t\t<\/div>\n\t\t\t\n\t\t<\/div>\n\t\t\t\t\t\t<\/div>\n\t\t\t\t<\/div>\n\t\t\t\t<div class=\"elementor-element elementor-element-6eb2af5 elementor-button-align-stretch elementor-widget elementor-widget-form\" data-id=\"6eb2af5\" data-element_type=\"widget\" data-e-type=\"widget\" data-settings=\"{&quot;step_next_label&quot;:&quot;Next&quot;,&quot;step_previous_label&quot;:&quot;Previous&quot;,&quot;button_width&quot;:&quot;100&quot;,&quot;step_type&quot;:&quot;number_text&quot;,&quot;step_icon_shape&quot;:&quot;circle&quot;}\" data-widget_type=\"form.default\">\n\t\t\t\t<div class=\"elementor-widget-container\">\n\t\t\t\t\t\t\t<form class=\"elementor-form\" method=\"post\" name=\"New Form\" action=\"\">\n\t\t\t<input type=\"hidden\" name=\"post_id\" value=\"414\"\/>\n\t\t\t<input type=\"hidden\" name=\"form_id\" value=\"6eb2af5\"\/>\n\t\t\t<input type=\"hidden\" name=\"referer_title\" value=\"Monobllok EDILBLOK - Zgjidhje Izoluese p\u00ebr Dritare - Monobllok\" \/>\n\n\t\t\t\t\t\t\t<input type=\"hidden\" name=\"queried_id\" value=\"414\"\/>\n\t\t\t\n\t\t\t<div class=\"elementor-form-fields-wrapper elementor-labels-\">\n\t\t\t\t\t\t\t\t<div class=\"elementor-field-type-text elementor-field-group elementor-column elementor-field-group-name elementor-col-50\">\n\t\t\t\t\t\t\t\t\t\t\t\t<label for=\"form-field-name\" class=\"elementor-field-label elementor-screen-only\">\n\t\t\t\t\t\t\t\tName\t\t\t\t\t\t\t<\/label>\n\t\t\t\t\t\t\t\t\t\t\t\t\t\t<input size=\"1\" type=\"text\" name=\"form_fields[name]\" id=\"form-field-name\" class=\"elementor-field elementor-size-sm  elementor-field-textual\" placeholder=\"Name\">\n\t\t\t\t\t\t\t\t\t\t\t<\/div>\n\t\t\t\t\t\t\t\t<div class=\"elementor-field-type-email elementor-field-group elementor-column elementor-field-group-email elementor-col-50 elementor-field-required\">\n\t\t\t\t\t\t\t\t\t\t\t\t<label for=\"form-field-email\" class=\"elementor-field-label elementor-screen-only\">\n\t\t\t\t\t\t\t\tEmail\t\t\t\t\t\t\t<\/label>\n\t\t\t\t\t\t\t\t\t\t\t\t\t\t<input size=\"1\" type=\"email\" name=\"form_fields[email]\" id=\"form-field-email\" class=\"elementor-field elementor-size-sm  elementor-field-textual\" placeholder=\"Email\" required=\"required\" aria-required=\"true\">\n\t\t\t\t\t\t\t\t\t\t\t<\/div>\n\t\t\t\t\t\t\t\t<div class=\"elementor-field-type-tel elementor-field-group elementor-column elementor-field-group-field_4b7c142 elementor-col-50 elementor-field-required\">\n\t\t\t\t\t\t\t\t\t\t\t\t<label for=\"form-field-field_4b7c142\" class=\"elementor-field-label elementor-screen-only\">\n\t\t\t\t\t\t\t\tPhone\t\t\t\t\t\t\t<\/label>\n\t\t\t\t\t\t\t\t<input size=\"1\" type=\"tel\" name=\"form_fields[field_4b7c142]\" id=\"form-field-field_4b7c142\" class=\"elementor-field elementor-size-sm  elementor-field-textual\" placeholder=\"Phone\" required=\"required\" aria-required=\"true\" pattern=\"[0-9()#&amp;+*-=.]+\" title=\"Only numbers and phone characters (#, -, *, etc) are accepted.\" data-no-translation-title=\"\">\n\n\t\t\t\t\t\t<\/div>\n\t\t\t\t\t\t\t\t<div class=\"elementor-field-type-tel elementor-field-group elementor-column elementor-field-group-field_17f1d1c elementor-col-50\">\n\t\t\t\t\t\t\t\t\t\t\t\t<label for=\"form-field-field_17f1d1c\" class=\"elementor-field-label elementor-screen-only\">\n\t\t\t\t\t\t\t\tCity\t\t\t\t\t\t\t<\/label>\n\t\t\t\t\t\t\t\t<input size=\"1\" type=\"tel\" name=\"form_fields[field_17f1d1c]\" id=\"form-field-field_17f1d1c\" class=\"elementor-field elementor-size-sm  elementor-field-textual\" placeholder=\"City\" pattern=\"[0-9()#&amp;+*-=.]+\" title=\"Only numbers and phone characters (#, -, *, etc) are accepted.\" data-no-translation-title=\"\">\n\n\t\t\t\t\t\t<\/div>\n\t\t\t\t\t\t\t\t<div class=\"elementor-field-type-textarea elementor-field-group elementor-column elementor-field-group-message elementor-col-100\">\n\t\t\t\t\t\t\t\t\t\t\t\t<label for=\"form-field-message\" class=\"elementor-field-label elementor-screen-only\">\n\t\t\t\t\t\t\t\tMesazh\t\t\t\t\t\t\t<\/label>\n\t\t\t\t\t\t<textarea class=\"elementor-field-textual elementor-field  elementor-size-sm\" name=\"form_fields[message]\" id=\"form-field-message\" rows=\"4\" placeholder=\"Write your message\"><\/textarea>\t\t\t\t<\/div>\n\t\t\t\t\t\t\t\t<div class=\"elementor-field-type-acceptance elementor-field-group elementor-column elementor-field-group-field_3f8ef13 elementor-col-100 elementor-field-required\">\n\t\t\t\t\t\t\t\t\t\t\t\t<label for=\"form-field-field_3f8ef13\" class=\"elementor-field-label elementor-screen-only\">\n\t\t\t\t\t\t\t\tPolicy\t\t\t\t\t\t\t<\/label>\n\t\t\t\t\t\t\t\t<div class=\"elementor-field-subgroup\">\n\t\t\t<span class=\"elementor-field-option\">\n\t\t\t\t<input type=\"checkbox\" name=\"form_fields[field_3f8ef13]\" id=\"form-field-field_3f8ef13\" class=\"elementor-field elementor-size-sm  elementor-acceptance-field\" required=\"required\" aria-required=\"true\">\n\t\t\t\t<label for=\"form-field-field_3f8ef13\">I CONSENT to process my personal data in order to allow the provision of the requested service or service.<\/label>\t\t\t<\/span>\n\t\t<\/div>\n\t\t\t\t\t\t<\/div>\n\t\t\t\t\t\t\t\t<div class=\"elementor-field-group elementor-column elementor-field-type-submit elementor-col-100 e-form__buttons\">\n\t\t\t\t\t<button class=\"elementor-button elementor-size-sm\" type=\"submit\">\n\t\t\t\t\t\t<span class=\"elementor-button-content-wrapper\">\n\t\t\t\t\t\t\t\t\t\t\t\t\t\t\t\t\t\t\t\t\t\t<span class=\"elementor-button-text\">SUBMIT<\/span>\n\t\t\t\t\t\t\t\t\t\t\t\t\t<\/span>\n\t\t\t\t\t<\/button>\n\t\t\t\t<\/div>\n\t\t\t<\/div>\n\t\t<input type=\"hidden\" name=\"trp-form-language\" value=\"en\"\/><\/form>\n\t\t\t\t\t\t<\/div>\n\t\t\t\t<\/div>\n\t\t\t\t\t<\/div>\n\t\t\t\t<\/div>\n\t\t\t\t<\/div>","protected":false},"excerpt":{"rendered":"<p>Ve\u00e7orit\u00eb Monoblloku izolues EDILBLOK \u00ebsht\u00eb nj\u00eb zgjidhje q\u00eb e kthen hapjen e pap\u00ebrpunuar t\u00eb dritares n\u00eb mur n\u00eb nj\u00eb hapje dritare t\u00eb p\u00ebrfunduar, t\u00eb izoluar dhe gati p\u00ebr instalimin e korniz\u00ebs s\u00eb dritares. Kontaktoni p\u00ebr mb\u00ebshtetje teknike<\/p>","protected":false},"author":1,"featured_media":0,"parent":0,"menu_order":0,"comment_status":"closed","ping_status":"closed","template":"","meta":{"footnotes":""},"class_list":["post-414","page","type-page","status-publish","hentry"],"yoast_head":"<!-- This site is optimized with the Yoast SEO plugin v24.5 - https:\/\/yoast.com\/wordpress\/plugins\/seo\/ -->\n<title>Monobllok EDILBLOK - Zgjidhje Izoluese p\u00ebr Dritare - Monobllok<\/title>\n<meta name=\"description\" content=\"Monobllok EDILBLOK kthen hapjet e pap\u00ebrpunuara t\u00eb dritareve n\u00eb hapje t\u00eb p\u00ebrfunduar, t\u00eb izoluara dhe gati p\u00ebr instalimin e korniz\u00ebs.\" \/>\n<meta name=\"robots\" content=\"index, follow, max-snippet:-1, max-image-preview:large, max-video-preview:-1\" \/>\n<link rel=\"canonical\" href=\"https:\/\/edilcassvb.com\/en\/monobllok\/\" \/>\n<meta property=\"og:locale\" content=\"en_US\" \/>\n<meta property=\"og:type\" content=\"article\" \/>\n<meta property=\"og:title\" content=\"Monobllok EDILBLOK - Zgjidhje Izoluese p\u00ebr Dritare - Monobllok\" \/>\n<meta property=\"og:description\" content=\"Monobllok EDILBLOK kthen hapjet e pap\u00ebrpunuara t\u00eb dritareve n\u00eb hapje t\u00eb p\u00ebrfunduar, t\u00eb izoluara dhe gati p\u00ebr instalimin e korniz\u00ebs.\" \/>\n<meta property=\"og:url\" content=\"https:\/\/edilcassvb.com\/en\/monobllok\/\" \/>\n<meta property=\"og:site_name\" content=\"Edilcass VB\" \/>\n<meta property=\"article:modified_time\" content=\"2025-03-04T06:29:27+00:00\" \/>\n<meta property=\"og:image\" content=\"https:\/\/edilcassvb.com\/wp-content\/uploads\/2024\/12\/edilblok-avvolgibili-1.jpg\" \/>\n<meta name=\"twitter:card\" content=\"summary_large_image\" \/>\n<meta name=\"twitter:label1\" content=\"Est. reading time\" \/>\n\t<meta name=\"twitter:data1\" content=\"1 minute\" \/>\n<script type=\"application\/ld+json\" class=\"yoast-schema-graph\">{\"@context\":\"https:\/\/schema.org\",\"@graph\":[{\"@type\":\"WebPage\",\"@id\":\"https:\/\/edilcassvb.com\/monobllok\/\",\"url\":\"https:\/\/edilcassvb.com\/monobllok\/\",\"name\":\"Monobllok EDILBLOK - Zgjidhje Izoluese p\u00ebr Dritare - Monobllok\",\"isPartOf\":{\"@id\":\"https:\/\/edilcassvb.com\/#website\"},\"primaryImageOfPage\":{\"@id\":\"https:\/\/edilcassvb.com\/monobllok\/#primaryimage\"},\"image\":{\"@id\":\"https:\/\/edilcassvb.com\/monobllok\/#primaryimage\"},\"thumbnailUrl\":\"https:\/\/edilcassvb.com\/wp-content\/uploads\/2024\/12\/edilblok-avvolgibili-1.jpg\",\"datePublished\":\"2024-12-09T10:21:59+00:00\",\"dateModified\":\"2025-03-04T06:29:27+00:00\",\"description\":\"Monobllok EDILBLOK kthen hapjet e pap\u00ebrpunuara t\u00eb dritareve n\u00eb hapje t\u00eb p\u00ebrfunduar, t\u00eb izoluara dhe gati p\u00ebr instalimin e korniz\u00ebs.\",\"breadcrumb\":{\"@id\":\"https:\/\/edilcassvb.com\/monobllok\/#breadcrumb\"},\"inLanguage\":\"en-US\",\"potentialAction\":[{\"@type\":\"ReadAction\",\"target\":[\"https:\/\/edilcassvb.com\/monobllok\/\"]}]},{\"@type\":\"ImageObject\",\"inLanguage\":\"en-US\",\"@id\":\"https:\/\/edilcassvb.com\/monobllok\/#primaryimage\",\"url\":\"https:\/\/edilcassvb.com\/wp-content\/uploads\/2024\/12\/edilblok-avvolgibili-1.jpg\",\"contentUrl\":\"https:\/\/edilcassvb.com\/wp-content\/uploads\/2024\/12\/edilblok-avvolgibili-1.jpg\"},{\"@type\":\"BreadcrumbList\",\"@id\":\"https:\/\/edilcassvb.com\/monobllok\/#breadcrumb\",\"itemListElement\":[{\"@type\":\"ListItem\",\"position\":1,\"name\":\"Home\",\"item\":\"https:\/\/edilcassvb.com\/\"},{\"@type\":\"ListItem\",\"position\":2,\"name\":\"Monobllok\"}]},{\"@type\":\"WebSite\",\"@id\":\"https:\/\/edilcassvb.com\/#website\",\"url\":\"https:\/\/edilcassvb.com\/\",\"name\":\"Edilcass VB\",\"description\":\"\",\"publisher\":{\"@id\":\"https:\/\/edilcassvb.com\/#organization\"},\"potentialAction\":[{\"@type\":\"SearchAction\",\"target\":{\"@type\":\"EntryPoint\",\"urlTemplate\":\"https:\/\/edilcassvb.com\/?s={search_term_string}\"},\"query-input\":{\"@type\":\"PropertyValueSpecification\",\"valueRequired\":true,\"valueName\":\"search_term_string\"}}],\"inLanguage\":\"en-US\"},{\"@type\":\"Organization\",\"@id\":\"https:\/\/edilcassvb.com\/#organization\",\"name\":\"Edilcass VB\",\"url\":\"https:\/\/edilcassvb.com\/\",\"logo\":{\"@type\":\"ImageObject\",\"inLanguage\":\"en-US\",\"@id\":\"https:\/\/edilcassvb.com\/#\/schema\/logo\/image\/\",\"url\":\"https:\/\/edilcassvb.com\/wp-content\/uploads\/2024\/11\/EDILCASS-VB-Y.png\",\"contentUrl\":\"https:\/\/edilcassvb.com\/wp-content\/uploads\/2024\/11\/EDILCASS-VB-Y.png\",\"width\":1705,\"height\":822,\"caption\":\"Edilcass VB\"},\"image\":{\"@id\":\"https:\/\/edilcassvb.com\/#\/schema\/logo\/image\/\"}}]}<\/script>\n<!-- \/ Yoast SEO plugin. -->","yoast_head_json":{"title":"Monobllok EDILBLOK - Zgjidhje Izoluese p\u00ebr Dritare - Monobllok","description":"Monobllok EDILBLOK kthen hapjet e pap\u00ebrpunuara t\u00eb dritareve n\u00eb hapje t\u00eb p\u00ebrfunduar, t\u00eb izoluara dhe gati p\u00ebr instalimin e korniz\u00ebs.","robots":{"index":"index","follow":"follow","max-snippet":"max-snippet:-1","max-image-preview":"max-image-preview:large","max-video-preview":"max-video-preview:-1"},"canonical":"https:\/\/edilcassvb.com\/en\/monobllok\/","og_locale":"en_US","og_type":"article","og_title":"Monobllok EDILBLOK - Zgjidhje Izoluese p\u00ebr Dritare - Monobllok","og_description":"Monobllok EDILBLOK kthen hapjet e pap\u00ebrpunuara t\u00eb dritareve n\u00eb hapje t\u00eb p\u00ebrfunduar, t\u00eb izoluara dhe gati p\u00ebr instalimin e korniz\u00ebs.","og_url":"https:\/\/edilcassvb.com\/en\/monobllok\/","og_site_name":"Edilcass VB","article_modified_time":"2025-03-04T06:29:27+00:00","og_image":[{"url":"https:\/\/edilcassvb.com\/wp-content\/uploads\/2024\/12\/edilblok-avvolgibili-1.jpg","type":"","width":"","height":""}],"twitter_card":"summary_large_image","twitter_misc":{"Est. reading time":"1 minute"},"schema":{"@context":"https:\/\/schema.org","@graph":[{"@type":"WebPage","@id":"https:\/\/edilcassvb.com\/monobllok\/","url":"https:\/\/edilcassvb.com\/monobllok\/","name":"Monobllok EDILBLOK - Zgjidhje Izoluese p\u00ebr Dritare - Monobllok","isPartOf":{"@id":"https:\/\/edilcassvb.com\/#website"},"primaryImageOfPage":{"@id":"https:\/\/edilcassvb.com\/monobllok\/#primaryimage"},"image":{"@id":"https:\/\/edilcassvb.com\/monobllok\/#primaryimage"},"thumbnailUrl":"https:\/\/edilcassvb.com\/wp-content\/uploads\/2024\/12\/edilblok-avvolgibili-1.jpg","datePublished":"2024-12-09T10:21:59+00:00","dateModified":"2025-03-04T06:29:27+00:00","description":"Monobllok EDILBLOK kthen hapjet e pap\u00ebrpunuara t\u00eb dritareve n\u00eb hapje t\u00eb p\u00ebrfunduar, t\u00eb izoluara dhe gati p\u00ebr instalimin e korniz\u00ebs.","breadcrumb":{"@id":"https:\/\/edilcassvb.com\/monobllok\/#breadcrumb"},"inLanguage":"en-US","potentialAction":[{"@type":"ReadAction","target":["https:\/\/edilcassvb.com\/monobllok\/"]}]},{"@type":"ImageObject","inLanguage":"en-US","@id":"https:\/\/edilcassvb.com\/monobllok\/#primaryimage","url":"https:\/\/edilcassvb.com\/wp-content\/uploads\/2024\/12\/edilblok-avvolgibili-1.jpg","contentUrl":"https:\/\/edilcassvb.com\/wp-content\/uploads\/2024\/12\/edilblok-avvolgibili-1.jpg"},{"@type":"BreadcrumbList","@id":"https:\/\/edilcassvb.com\/monobllok\/#breadcrumb","itemListElement":[{"@type":"ListItem","position":1,"name":"Home","item":"https:\/\/edilcassvb.com\/"},{"@type":"ListItem","position":2,"name":"Monobllok"}]},{"@type":"WebSite","@id":"https:\/\/edilcassvb.com\/#website","url":"https:\/\/edilcassvb.com\/","name":"Edilcass VB","description":"","publisher":{"@id":"https:\/\/edilcassvb.com\/#organization"},"potentialAction":[{"@type":"SearchAction","target":{"@type":"EntryPoint","urlTemplate":"https:\/\/edilcassvb.com\/?s={search_term_string}"},"query-input":{"@type":"PropertyValueSpecification","valueRequired":true,"valueName":"search_term_string"}}],"inLanguage":"en-US"},{"@type":"Organization","@id":"https:\/\/edilcassvb.com\/#organization","name":"Edilcass VB","url":"https:\/\/edilcassvb.com\/","logo":{"@type":"ImageObject","inLanguage":"en-US","@id":"https:\/\/edilcassvb.com\/#\/schema\/logo\/image\/","url":"https:\/\/edilcassvb.com\/wp-content\/uploads\/2024\/11\/EDILCASS-VB-Y.png","contentUrl":"https:\/\/edilcassvb.com\/wp-content\/uploads\/2024\/11\/EDILCASS-VB-Y.png","width":1705,"height":822,"caption":"Edilcass VB"},"image":{"@id":"https:\/\/edilcassvb.com\/#\/schema\/logo\/image\/"}}]}},"_links":{"self":[{"href":"https:\/\/edilcassvb.com\/en\/wp-json\/wp\/v2\/pages\/414","targetHints":{"allow":["GET"]}}],"collection":[{"href":"https:\/\/edilcassvb.com\/en\/wp-json\/wp\/v2\/pages"}],"about":[{"href":"https:\/\/edilcassvb.com\/en\/wp-json\/wp\/v2\/types\/page"}],"author":[{"embeddable":true,"href":"https:\/\/edilcassvb.com\/en\/wp-json\/wp\/v2\/users\/1"}],"replies":[{"embeddable":true,"href":"https:\/\/edilcassvb.com\/en\/wp-json\/wp\/v2\/comments?post=414"}],"version-history":[{"count":36,"href":"https:\/\/edilcassvb.com\/en\/wp-json\/wp\/v2\/pages\/414\/revisions"}],"predecessor-version":[{"id":923,"href":"https:\/\/edilcassvb.com\/en\/wp-json\/wp\/v2\/pages\/414\/revisions\/923"}],"wp:attachment":[{"href":"https:\/\/edilcassvb.com\/en\/wp-json\/wp\/v2\/media?parent=414"}],"curies":[{"name":"wp","href":"https:\/\/api.w.org\/{rel}","templated":true}]}}