{"id":352,"date":"2024-12-05T08:12:43","date_gmt":"2024-12-05T08:12:43","guid":{"rendered":"https:\/\/edilcassvb.com\/?page_id=352"},"modified":"2025-03-04T06:30:35","modified_gmt":"2025-03-04T06:30:35","slug":"kasete-grile-edilcass","status":"publish","type":"page","link":"https:\/\/edilcassvb.com\/en\/kasete-grile-edilcass\/","title":{"rendered":"EDILCASS GRILLE CASSETTES"},"content":{"rendered":"<div data-elementor-type=\"wp-page\" data-elementor-id=\"352\" class=\"elementor elementor-352\" data-elementor-post-type=\"page\">\n\t\t\t\t<div class=\"elementor-element elementor-element-ef81a43 e-flex e-con-boxed e-con e-parent\" data-id=\"ef81a43\" data-element_type=\"container\" data-e-type=\"container\" data-settings=\"{&quot;background_background&quot;:&quot;classic&quot;}\">\n\t\t\t\t\t<div class=\"e-con-inner\">\n\t\t<div class=\"elementor-element elementor-element-5217eef e-con-full e-flex e-con e-child\" data-id=\"5217eef\" data-element_type=\"container\" data-e-type=\"container\">\n\t\t\t\t<\/div>\n\t\t\t\t\t<\/div>\n\t\t\t\t<\/div>\n\t\t<div class=\"elementor-element elementor-element-a6577b1 e-flex e-con-boxed e-con e-parent\" data-id=\"a6577b1\" data-element_type=\"container\" data-e-type=\"container\">\n\t\t\t\t\t<div class=\"e-con-inner\">\n\t\t<div class=\"elementor-element elementor-element-ad12471 e-con-full e-flex e-con e-child\" data-id=\"ad12471\" data-element_type=\"container\" data-e-type=\"container\">\n\t\t\t\t<div class=\"elementor-element elementor-element-123e071 elementor-widget-divider--view-line_text elementor-widget-divider--element-align-center elementor-widget elementor-widget-divider\" data-id=\"123e071\" data-element_type=\"widget\" data-e-type=\"widget\" data-widget_type=\"divider.default\">\n\t\t\t\t<div class=\"elementor-widget-container\">\n\t\t\t\t\t\t\t<div class=\"elementor-divider\">\n\t\t\t<span class=\"elementor-divider-separator\">\n\t\t\t\t\t\t\t<span class=\"elementor-divider__text elementor-divider__element\">\n\t\t\t\tFeatures\t\t\t\t<\/span>\n\t\t\t\t\t\t<\/span>\n\t\t<\/div>\n\t\t\t\t\t\t<\/div>\n\t\t\t\t<\/div>\n\t\t\t\t<div class=\"elementor-element elementor-element-fc173a9 elementor-widget elementor-widget-text-editor\" data-id=\"fc173a9\" data-element_type=\"widget\" data-e-type=\"widget\" data-widget_type=\"text-editor.default\">\n\t\t\t\t<div class=\"elementor-widget-container\">\n\t\t\t\t\t\t\t\t\t<p><span style=\"font-weight: 400;\">The Edilcass grille cassette comes in three different sizes \"20\", \"25\", \"30\" in accordance with your project, to allow you to easily design the second phase of the project, which is the placement of the grille.<\/span><\/p>\t\t\t\t\t\t\t\t<\/div>\n\t\t\t\t<\/div>\n\t\t\t\t<\/div>\n\t\t<div class=\"elementor-element elementor-element-66bf36b e-con-full e-flex e-con e-child\" data-id=\"66bf36b\" data-element_type=\"container\" data-e-type=\"container\">\n\t\t\t\t<div class=\"elementor-element elementor-element-f8ea7a7 elementor-widget elementor-widget-image-carousel\" data-id=\"f8ea7a7\" data-element_type=\"widget\" data-e-type=\"widget\" data-settings=\"{&quot;slides_to_show&quot;:&quot;1&quot;,&quot;navigation&quot;:&quot;none&quot;,&quot;autoplay_speed&quot;:1000,&quot;effect&quot;:&quot;fade&quot;,&quot;speed&quot;:0,&quot;autoplay&quot;:&quot;yes&quot;,&quot;pause_on_hover&quot;:&quot;yes&quot;,&quot;pause_on_interaction&quot;:&quot;yes&quot;,&quot;infinite&quot;:&quot;yes&quot;}\" data-widget_type=\"image-carousel.default\">\n\t\t\t\t<div class=\"elementor-widget-container\">\n\t\t\t\t\t\t\t<div class=\"elementor-image-carousel-wrapper swiper\" role=\"region\" aria-roledescription=\"carousel\" aria-label=\"Image Carousel\" dir=\"ltr\" data-no-translation-aria-label=\"\">\n\t\t\t<div class=\"elementor-image-carousel swiper-wrapper\" aria-live=\"off\">\n\t\t\t\t\t\t\t\t<div class=\"swiper-slide\" role=\"group\" aria-roledescription=\"slide\" aria-label=\"1 of 3\" data-no-translation-aria-label=\"\"><figure class=\"swiper-slide-inner\"><img decoding=\"async\" class=\"swiper-slide-image\" src=\"https:\/\/edilcassvb.com\/wp-content\/uploads\/2024\/12\/avvolgibili1-708x447-1.jpg\" alt=\"Kaseta griles\" \/><\/figure><\/div><div class=\"swiper-slide\" role=\"group\" aria-roledescription=\"slide\" aria-label=\"2 of 3\" data-no-translation-aria-label=\"\"><figure class=\"swiper-slide-inner\"><img decoding=\"async\" class=\"swiper-slide-image\" src=\"https:\/\/edilcassvb.com\/wp-content\/uploads\/2024\/12\/avvolgibili2-708x447-1.jpg\" alt=\"Kaseta griles\" \/><\/figure><\/div><div class=\"swiper-slide\" role=\"group\" aria-roledescription=\"slide\" aria-label=\"3 of 3\" data-no-translation-aria-label=\"\"><figure class=\"swiper-slide-inner\"><img decoding=\"async\" class=\"swiper-slide-image\" src=\"https:\/\/edilcassvb.com\/wp-content\/uploads\/2024\/12\/avvolgibili3-708x447-1.jpg\" alt=\"Kaseta griles\" \/><\/figure><\/div>\t\t\t<\/div>\n\t\t\t\t\t\t\t\n\t\t\t\t\t\t\t\t\t<\/div>\n\t\t\t\t\t\t<\/div>\n\t\t\t\t<\/div>\n\t\t\t\t<\/div>\n\t\t\t\t\t<\/div>\n\t\t\t\t<\/div>\n\t\t<div class=\"elementor-element elementor-element-b3a3ebd e-flex e-con-boxed e-con e-parent\" data-id=\"b3a3ebd\" data-element_type=\"container\" data-e-type=\"container\">\n\t\t\t\t\t<div class=\"e-con-inner\">\n\t\t<div class=\"elementor-element elementor-element-44c5a9e e-con-full e-flex e-con e-child\" data-id=\"44c5a9e\" data-element_type=\"container\" data-e-type=\"container\">\n\t\t<div class=\"elementor-element elementor-element-08f4b1f e-con-full e-flex e-con e-child\" data-id=\"08f4b1f\" data-element_type=\"container\" data-e-type=\"container\">\n\t\t\t\t<div class=\"elementor-element elementor-element-3310d0f elementor-widget elementor-widget-icon-box\" data-id=\"3310d0f\" data-element_type=\"widget\" data-e-type=\"widget\" data-widget_type=\"icon-box.default\">\n\t\t\t\t<div class=\"elementor-widget-container\">\n\t\t\t\t\t\t\t<div class=\"elementor-icon-box-wrapper\">\n\n\t\t\t\n\t\t\t\t\t\t<div class=\"elementor-icon-box-content\">\n\n\t\t\t\t\t\t\t\t\t<h2 class=\"elementor-icon-box-title\">\n\t\t\t\t\t\t<span  >\n\t\t\t\t\t\t\tCharacteristics\t\t\t\t\t\t<\/span>\n\t\t\t\t\t<\/h2>\n\t\t\t\t\n\t\t\t\t\n\t\t\t<\/div>\n\t\t\t\n\t\t<\/div>\n\t\t\t\t\t\t<\/div>\n\t\t\t\t<\/div>\n\t\t<div class=\"elementor-element elementor-element-689c1c7 e-con-full e-flex e-con e-child\" data-id=\"689c1c7\" data-element_type=\"container\" data-e-type=\"container\">\n\t\t\t\t<div class=\"elementor-element elementor-element-2427abf elementor-widget__width-initial elementor-widget elementor-widget-text-editor\" data-id=\"2427abf\" data-element_type=\"widget\" data-e-type=\"widget\" data-widget_type=\"text-editor.default\">\n\t\t\t\t<div class=\"elementor-widget-container\">\n\t\t\t\t\t\t\t\t\t<ul><li style=\"font-weight: 400;\" aria-level=\"1\"><span style=\"font-weight: 400;\">It is placed on the wall with a thickness of \"20\".\"25\".\"30\"<\/span><\/li><li style=\"font-weight: 400;\" aria-level=\"1\"><span style=\"font-weight: 400;\">They serve as architraves<\/span><\/li><li style=\"font-weight: 400;\" aria-level=\"1\"><span style=\"font-weight: 400;\">It is placed simply and easily without creating problems in construction<\/span><\/li><li style=\"font-weight: 400;\" aria-level=\"1\"><span style=\"font-weight: 400;\">It guarantees high quality in thermal and acoustic insulation<\/span><\/li><li style=\"font-weight: 400;\" aria-level=\"1\"><span style=\"font-weight: 400;\">It does not affect the planned light space<\/span><\/li><\/ul>\t\t\t\t\t\t\t\t<\/div>\n\t\t\t\t<\/div>\n\t\t\t\t<div class=\"elementor-element elementor-element-7af6c48 elementor-widget__width-initial elementor-widget elementor-widget-image\" data-id=\"7af6c48\" data-element_type=\"widget\" data-e-type=\"widget\" data-widget_type=\"image.default\">\n\t\t\t\t<div class=\"elementor-widget-container\">\n\t\t\t\t\t\t\t\t\t\t\t\t\t\t\t<img fetchpriority=\"high\" decoding=\"async\" width=\"500\" height=\"188\" src=\"https:\/\/edilcassvb.com\/wp-content\/uploads\/2024\/12\/chiusura-atampone.jpg\" class=\"attachment-full size-full wp-image-378\" alt=\"\" srcset=\"https:\/\/edilcassvb.com\/wp-content\/uploads\/2024\/12\/chiusura-atampone.jpg 500w, https:\/\/edilcassvb.com\/wp-content\/uploads\/2024\/12\/chiusura-atampone-300x113.jpg 300w\" sizes=\"(max-width: 500px) 100vw, 500px\" \/>\t\t\t\t\t\t\t\t\t\t\t\t\t\t\t<\/div>\n\t\t\t\t<\/div>\n\t\t\t\t<\/div>\n\t\t\t\t<\/div>\n\t\t\t\t<\/div>\n\t\t\t\t\t<\/div>\n\t\t\t\t<\/div>\n\t\t<div class=\"elementor-element elementor-element-6ff492f e-flex e-con-boxed e-con e-parent\" data-id=\"6ff492f\" data-element_type=\"container\" data-e-type=\"container\">\n\t\t\t\t\t<div class=\"e-con-inner\">\n\t\t\t\t<div class=\"elementor-element elementor-element-ac1caad elementor-widget elementor-widget-image\" data-id=\"ac1caad\" data-element_type=\"widget\" data-e-type=\"widget\" data-widget_type=\"image.default\">\n\t\t\t\t<div class=\"elementor-widget-container\">\n\t\t\t\t\t\t\t\t\t\t\t\t\t\t\t<img decoding=\"async\" width=\"2000\" height=\"1500\" src=\"https:\/\/edilcassvb.com\/wp-content\/uploads\/2025\/01\/IMG_9079-1.jpg\" class=\"attachment-full size-full wp-image-879\" alt=\"\" srcset=\"https:\/\/edilcassvb.com\/wp-content\/uploads\/2025\/01\/IMG_9079-1.jpg 2000w, https:\/\/edilcassvb.com\/wp-content\/uploads\/2025\/01\/IMG_9079-1-300x225.jpg 300w, https:\/\/edilcassvb.com\/wp-content\/uploads\/2025\/01\/IMG_9079-1-1024x768.jpg 1024w, https:\/\/edilcassvb.com\/wp-content\/uploads\/2025\/01\/IMG_9079-1-768x576.jpg 768w, https:\/\/edilcassvb.com\/wp-content\/uploads\/2025\/01\/IMG_9079-1-1536x1152.jpg 1536w, https:\/\/edilcassvb.com\/wp-content\/uploads\/2025\/01\/IMG_9079-1-16x12.jpg 16w\" sizes=\"(max-width: 2000px) 100vw, 2000px\" \/>\t\t\t\t\t\t\t\t\t\t\t\t\t\t\t<\/div>\n\t\t\t\t<\/div>\n\t\t\t\t<div class=\"elementor-element elementor-element-81326cd elementor-widget elementor-widget-icon-box\" data-id=\"81326cd\" data-element_type=\"widget\" data-e-type=\"widget\" data-widget_type=\"icon-box.default\">\n\t\t\t\t<div class=\"elementor-widget-container\">\n\t\t\t\t\t\t\t<div class=\"elementor-icon-box-wrapper\">\n\n\t\t\t\n\t\t\t\t\t\t<div class=\"elementor-icon-box-content\">\n\n\t\t\t\t\t\t\t\t\t<h2 class=\"elementor-icon-box-title\">\n\t\t\t\t\t\t<span  >\n\t\t\t\t\t\t\tContact for technical support\t\t\t\t\t\t<\/span>\n\t\t\t\t\t<\/h2>\n\t\t\t\t\n\t\t\t\t\n\t\t\t<\/div>\n\t\t\t\n\t\t<\/div>\n\t\t\t\t\t\t<\/div>\n\t\t\t\t<\/div>\n\t\t\t\t<div class=\"elementor-element elementor-element-5e6c2b6 elementor-button-align-stretch elementor-widget elementor-widget-form\" data-id=\"5e6c2b6\" data-element_type=\"widget\" data-e-type=\"widget\" data-settings=\"{&quot;step_next_label&quot;:&quot;Next&quot;,&quot;step_previous_label&quot;:&quot;Previous&quot;,&quot;button_width&quot;:&quot;100&quot;,&quot;step_type&quot;:&quot;number_text&quot;,&quot;step_icon_shape&quot;:&quot;circle&quot;}\" data-widget_type=\"form.default\">\n\t\t\t\t<div class=\"elementor-widget-container\">\n\t\t\t\t\t\t\t<form class=\"elementor-form\" method=\"post\" name=\"New Form\" action=\"\">\n\t\t\t<input type=\"hidden\" name=\"post_id\" value=\"352\"\/>\n\t\t\t<input type=\"hidden\" name=\"form_id\" value=\"5e6c2b6\"\/>\n\t\t\t<input type=\"hidden\" name=\"referer_title\" value=\"Kaseta Griles - Kaset\u00eb Grilash Cil\u00ebsore - Edilcass VB\" \/>\n\n\t\t\t\t\t\t\t<input type=\"hidden\" name=\"queried_id\" value=\"352\"\/>\n\t\t\t\n\t\t\t<div class=\"elementor-form-fields-wrapper elementor-labels-\">\n\t\t\t\t\t\t\t\t<div class=\"elementor-field-type-text elementor-field-group elementor-column elementor-field-group-name elementor-col-50\">\n\t\t\t\t\t\t\t\t\t\t\t\t<label for=\"form-field-name\" class=\"elementor-field-label elementor-screen-only\">\n\t\t\t\t\t\t\t\tName\t\t\t\t\t\t\t<\/label>\n\t\t\t\t\t\t\t\t\t\t\t\t\t\t<input size=\"1\" type=\"text\" name=\"form_fields[name]\" id=\"form-field-name\" class=\"elementor-field elementor-size-sm  elementor-field-textual\" placeholder=\"Name\">\n\t\t\t\t\t\t\t\t\t\t\t<\/div>\n\t\t\t\t\t\t\t\t<div class=\"elementor-field-type-email elementor-field-group elementor-column elementor-field-group-email elementor-col-50 elementor-field-required\">\n\t\t\t\t\t\t\t\t\t\t\t\t<label for=\"form-field-email\" class=\"elementor-field-label elementor-screen-only\">\n\t\t\t\t\t\t\t\tEmail\t\t\t\t\t\t\t<\/label>\n\t\t\t\t\t\t\t\t\t\t\t\t\t\t<input size=\"1\" type=\"email\" name=\"form_fields[email]\" id=\"form-field-email\" class=\"elementor-field elementor-size-sm  elementor-field-textual\" placeholder=\"Email\" required=\"required\" aria-required=\"true\">\n\t\t\t\t\t\t\t\t\t\t\t<\/div>\n\t\t\t\t\t\t\t\t<div class=\"elementor-field-type-tel elementor-field-group elementor-column elementor-field-group-field_4b7c142 elementor-col-50 elementor-field-required\">\n\t\t\t\t\t\t\t\t\t\t\t\t<label for=\"form-field-field_4b7c142\" class=\"elementor-field-label elementor-screen-only\">\n\t\t\t\t\t\t\t\tPhone\t\t\t\t\t\t\t<\/label>\n\t\t\t\t\t\t\t\t<input size=\"1\" type=\"tel\" name=\"form_fields[field_4b7c142]\" id=\"form-field-field_4b7c142\" class=\"elementor-field elementor-size-sm  elementor-field-textual\" placeholder=\"Phone\" required=\"required\" aria-required=\"true\" pattern=\"[0-9()#&amp;+*-=.]+\" title=\"Only numbers and phone characters (#, -, *, etc) are accepted.\" data-no-translation-title=\"\">\n\n\t\t\t\t\t\t<\/div>\n\t\t\t\t\t\t\t\t<div class=\"elementor-field-type-tel elementor-field-group elementor-column elementor-field-group-field_17f1d1c elementor-col-50\">\n\t\t\t\t\t\t\t\t\t\t\t\t<label for=\"form-field-field_17f1d1c\" class=\"elementor-field-label elementor-screen-only\">\n\t\t\t\t\t\t\t\tCity\t\t\t\t\t\t\t<\/label>\n\t\t\t\t\t\t\t\t<input size=\"1\" type=\"tel\" name=\"form_fields[field_17f1d1c]\" id=\"form-field-field_17f1d1c\" class=\"elementor-field elementor-size-sm  elementor-field-textual\" placeholder=\"City\" pattern=\"[0-9()#&amp;+*-=.]+\" title=\"Only numbers and phone characters (#, -, *, etc) are accepted.\" data-no-translation-title=\"\">\n\n\t\t\t\t\t\t<\/div>\n\t\t\t\t\t\t\t\t<div class=\"elementor-field-type-textarea elementor-field-group elementor-column elementor-field-group-message elementor-col-100\">\n\t\t\t\t\t\t\t\t\t\t\t\t<label for=\"form-field-message\" class=\"elementor-field-label elementor-screen-only\">\n\t\t\t\t\t\t\t\tMesazh\t\t\t\t\t\t\t<\/label>\n\t\t\t\t\t\t<textarea class=\"elementor-field-textual elementor-field  elementor-size-sm\" name=\"form_fields[message]\" id=\"form-field-message\" rows=\"4\" placeholder=\"Write your message\"><\/textarea>\t\t\t\t<\/div>\n\t\t\t\t\t\t\t\t<div class=\"elementor-field-type-acceptance elementor-field-group elementor-column elementor-field-group-field_3f8ef13 elementor-col-100 elementor-field-required\">\n\t\t\t\t\t\t\t\t\t\t\t\t<label for=\"form-field-field_3f8ef13\" class=\"elementor-field-label elementor-screen-only\">\n\t\t\t\t\t\t\t\tPolicy\t\t\t\t\t\t\t<\/label>\n\t\t\t\t\t\t\t\t<div class=\"elementor-field-subgroup\">\n\t\t\t<span class=\"elementor-field-option\">\n\t\t\t\t<input type=\"checkbox\" name=\"form_fields[field_3f8ef13]\" id=\"form-field-field_3f8ef13\" class=\"elementor-field elementor-size-sm  elementor-acceptance-field\" required=\"required\" aria-required=\"true\">\n\t\t\t\t<label for=\"form-field-field_3f8ef13\">I CONSENT to process my personal data in order to allow the provision of the requested service or service.<\/label>\t\t\t<\/span>\n\t\t<\/div>\n\t\t\t\t\t\t<\/div>\n\t\t\t\t\t\t\t\t<div class=\"elementor-field-group elementor-column elementor-field-type-submit elementor-col-100 e-form__buttons\">\n\t\t\t\t\t<button class=\"elementor-button elementor-size-sm\" type=\"submit\">\n\t\t\t\t\t\t<span class=\"elementor-button-content-wrapper\">\n\t\t\t\t\t\t\t\t\t\t\t\t\t\t\t\t\t\t\t\t\t\t<span class=\"elementor-button-text\">SUBMIT<\/span>\n\t\t\t\t\t\t\t\t\t\t\t\t\t<\/span>\n\t\t\t\t\t<\/button>\n\t\t\t\t<\/div>\n\t\t\t<\/div>\n\t\t<input type=\"hidden\" name=\"trp-form-language\" value=\"en\"\/><\/form>\n\t\t\t\t\t\t<\/div>\n\t\t\t\t<\/div>\n\t\t\t\t\t<\/div>\n\t\t\t\t<\/div>\n\t\t\t\t<\/div>","protected":false},"excerpt":{"rendered":"<p>Ve\u00e7orit\u00eb Kaseta e griles Edilcass vjen ne tre madhesi te ndryshme \u201c20\u201d,\u201d25\u201d,\u201d30\u201d ne pershtatje me projektin tuaj, per te lejuar me pas lehtesisht dizenjimin e fazes se dyte te projektit qe eshte vendosja e griles. Karakteristikat Vendoset ne mur me trashesi \u201c20\u201d.\u201d25\u201d.\u201d30\u201d Sherben si arkitra Vendoset thjesht dhe lehte pa krijuar problematika ne ndertim Garanton [&hellip;]<\/p>","protected":false},"author":1,"featured_media":0,"parent":0,"menu_order":0,"comment_status":"closed","ping_status":"closed","template":"","meta":{"footnotes":""},"class_list":["post-352","page","type-page","status-publish","hentry"],"yoast_head":"<!-- This site is optimized with the Yoast SEO plugin v24.5 - https:\/\/yoast.com\/wordpress\/plugins\/seo\/ -->\n<title>Kaseta Griles - Kaset\u00eb Grilash Cil\u00ebsore - Edilcass VB<\/title>\n<meta name=\"description\" content=\"Kaseta griles Edilcass vjen n\u00eb tre madh\u00ebsi (20, 25, 30), p\u00ebrshtatur projektit tuaj p\u00ebr vendosje t\u00eb leht\u00eb t\u00eb gril\u00ebs n\u00eb faz\u00ebn tjet\u00ebr.\" \/>\n<meta name=\"robots\" content=\"index, follow, max-snippet:-1, max-image-preview:large, max-video-preview:-1\" \/>\n<link rel=\"canonical\" href=\"https:\/\/edilcassvb.com\/en\/kasete-grile-edilcass\/\" \/>\n<meta property=\"og:locale\" content=\"en_US\" \/>\n<meta property=\"og:type\" content=\"article\" \/>\n<meta property=\"og:title\" content=\"Kaseta Griles - Kaset\u00eb Grilash Cil\u00ebsore - Edilcass VB\" \/>\n<meta property=\"og:description\" content=\"Kaseta griles Edilcass vjen n\u00eb tre madh\u00ebsi (20, 25, 30), p\u00ebrshtatur projektit tuaj p\u00ebr vendosje t\u00eb leht\u00eb t\u00eb gril\u00ebs n\u00eb faz\u00ebn tjet\u00ebr.\" \/>\n<meta property=\"og:url\" content=\"https:\/\/edilcassvb.com\/en\/kasete-grile-edilcass\/\" \/>\n<meta property=\"og:site_name\" content=\"Edilcass VB\" \/>\n<meta property=\"article:modified_time\" content=\"2025-03-04T06:30:35+00:00\" \/>\n<meta property=\"og:image\" content=\"https:\/\/edilcassvb.com\/wp-content\/uploads\/2024\/12\/avvolgibili1-708x447-1.jpg\" \/>\n<meta name=\"twitter:card\" content=\"summary_large_image\" \/>\n<meta name=\"twitter:label1\" content=\"Est. reading time\" \/>\n\t<meta name=\"twitter:data1\" content=\"2 minutes\" \/>\n<script type=\"application\/ld+json\" class=\"yoast-schema-graph\">{\"@context\":\"https:\/\/schema.org\",\"@graph\":[{\"@type\":\"WebPage\",\"@id\":\"https:\/\/edilcassvb.com\/kasete-grile-edilcass\/\",\"url\":\"https:\/\/edilcassvb.com\/kasete-grile-edilcass\/\",\"name\":\"Kaseta Griles - Kaset\u00eb Grilash Cil\u00ebsore - Edilcass VB\",\"isPartOf\":{\"@id\":\"https:\/\/edilcassvb.com\/#website\"},\"primaryImageOfPage\":{\"@id\":\"https:\/\/edilcassvb.com\/kasete-grile-edilcass\/#primaryimage\"},\"image\":{\"@id\":\"https:\/\/edilcassvb.com\/kasete-grile-edilcass\/#primaryimage\"},\"thumbnailUrl\":\"https:\/\/edilcassvb.com\/wp-content\/uploads\/2024\/12\/avvolgibili1-708x447-1.jpg\",\"datePublished\":\"2024-12-05T08:12:43+00:00\",\"dateModified\":\"2025-03-04T06:30:35+00:00\",\"description\":\"Kaseta griles Edilcass vjen n\u00eb tre madh\u00ebsi (20, 25, 30), p\u00ebrshtatur projektit tuaj p\u00ebr vendosje t\u00eb leht\u00eb t\u00eb gril\u00ebs n\u00eb faz\u00ebn tjet\u00ebr.\",\"breadcrumb\":{\"@id\":\"https:\/\/edilcassvb.com\/kasete-grile-edilcass\/#breadcrumb\"},\"inLanguage\":\"en-US\",\"potentialAction\":[{\"@type\":\"ReadAction\",\"target\":[\"https:\/\/edilcassvb.com\/kasete-grile-edilcass\/\"]}]},{\"@type\":\"ImageObject\",\"inLanguage\":\"en-US\",\"@id\":\"https:\/\/edilcassvb.com\/kasete-grile-edilcass\/#primaryimage\",\"url\":\"https:\/\/edilcassvb.com\/wp-content\/uploads\/2024\/12\/avvolgibili1-708x447-1.jpg\",\"contentUrl\":\"https:\/\/edilcassvb.com\/wp-content\/uploads\/2024\/12\/avvolgibili1-708x447-1.jpg\"},{\"@type\":\"BreadcrumbList\",\"@id\":\"https:\/\/edilcassvb.com\/kasete-grile-edilcass\/#breadcrumb\",\"itemListElement\":[{\"@type\":\"ListItem\",\"position\":1,\"name\":\"Home\",\"item\":\"https:\/\/edilcassvb.com\/\"},{\"@type\":\"ListItem\",\"position\":2,\"name\":\"Kasete Grile Edilcass\"}]},{\"@type\":\"WebSite\",\"@id\":\"https:\/\/edilcassvb.com\/#website\",\"url\":\"https:\/\/edilcassvb.com\/\",\"name\":\"Edilcass VB\",\"description\":\"\",\"publisher\":{\"@id\":\"https:\/\/edilcassvb.com\/#organization\"},\"potentialAction\":[{\"@type\":\"SearchAction\",\"target\":{\"@type\":\"EntryPoint\",\"urlTemplate\":\"https:\/\/edilcassvb.com\/?s={search_term_string}\"},\"query-input\":{\"@type\":\"PropertyValueSpecification\",\"valueRequired\":true,\"valueName\":\"search_term_string\"}}],\"inLanguage\":\"en-US\"},{\"@type\":\"Organization\",\"@id\":\"https:\/\/edilcassvb.com\/#organization\",\"name\":\"Edilcass VB\",\"url\":\"https:\/\/edilcassvb.com\/\",\"logo\":{\"@type\":\"ImageObject\",\"inLanguage\":\"en-US\",\"@id\":\"https:\/\/edilcassvb.com\/#\/schema\/logo\/image\/\",\"url\":\"https:\/\/edilcassvb.com\/wp-content\/uploads\/2024\/11\/EDILCASS-VB-Y.png\",\"contentUrl\":\"https:\/\/edilcassvb.com\/wp-content\/uploads\/2024\/11\/EDILCASS-VB-Y.png\",\"width\":1705,\"height\":822,\"caption\":\"Edilcass VB\"},\"image\":{\"@id\":\"https:\/\/edilcassvb.com\/#\/schema\/logo\/image\/\"}}]}<\/script>\n<!-- \/ Yoast SEO plugin. -->","yoast_head_json":{"title":"Kaseta Griles - Kaset\u00eb Grilash Cil\u00ebsore - Edilcass VB","description":"Kaseta griles Edilcass vjen n\u00eb tre madh\u00ebsi (20, 25, 30), p\u00ebrshtatur projektit tuaj p\u00ebr vendosje t\u00eb leht\u00eb t\u00eb gril\u00ebs n\u00eb faz\u00ebn tjet\u00ebr.","robots":{"index":"index","follow":"follow","max-snippet":"max-snippet:-1","max-image-preview":"max-image-preview:large","max-video-preview":"max-video-preview:-1"},"canonical":"https:\/\/edilcassvb.com\/en\/kasete-grile-edilcass\/","og_locale":"en_US","og_type":"article","og_title":"Kaseta Griles - Kaset\u00eb Grilash Cil\u00ebsore - Edilcass VB","og_description":"Kaseta griles Edilcass vjen n\u00eb tre madh\u00ebsi (20, 25, 30), p\u00ebrshtatur projektit tuaj p\u00ebr vendosje t\u00eb leht\u00eb t\u00eb gril\u00ebs n\u00eb faz\u00ebn tjet\u00ebr.","og_url":"https:\/\/edilcassvb.com\/en\/kasete-grile-edilcass\/","og_site_name":"Edilcass VB","article_modified_time":"2025-03-04T06:30:35+00:00","og_image":[{"url":"https:\/\/edilcassvb.com\/wp-content\/uploads\/2024\/12\/avvolgibili1-708x447-1.jpg","type":"","width":"","height":""}],"twitter_card":"summary_large_image","twitter_misc":{"Est. reading time":"2 minutes"},"schema":{"@context":"https:\/\/schema.org","@graph":[{"@type":"WebPage","@id":"https:\/\/edilcassvb.com\/kasete-grile-edilcass\/","url":"https:\/\/edilcassvb.com\/kasete-grile-edilcass\/","name":"Kaseta Griles - Kaset\u00eb Grilash Cil\u00ebsore - Edilcass VB","isPartOf":{"@id":"https:\/\/edilcassvb.com\/#website"},"primaryImageOfPage":{"@id":"https:\/\/edilcassvb.com\/kasete-grile-edilcass\/#primaryimage"},"image":{"@id":"https:\/\/edilcassvb.com\/kasete-grile-edilcass\/#primaryimage"},"thumbnailUrl":"https:\/\/edilcassvb.com\/wp-content\/uploads\/2024\/12\/avvolgibili1-708x447-1.jpg","datePublished":"2024-12-05T08:12:43+00:00","dateModified":"2025-03-04T06:30:35+00:00","description":"Kaseta griles Edilcass vjen n\u00eb tre madh\u00ebsi (20, 25, 30), p\u00ebrshtatur projektit tuaj p\u00ebr vendosje t\u00eb leht\u00eb t\u00eb gril\u00ebs n\u00eb faz\u00ebn tjet\u00ebr.","breadcrumb":{"@id":"https:\/\/edilcassvb.com\/kasete-grile-edilcass\/#breadcrumb"},"inLanguage":"en-US","potentialAction":[{"@type":"ReadAction","target":["https:\/\/edilcassvb.com\/kasete-grile-edilcass\/"]}]},{"@type":"ImageObject","inLanguage":"en-US","@id":"https:\/\/edilcassvb.com\/kasete-grile-edilcass\/#primaryimage","url":"https:\/\/edilcassvb.com\/wp-content\/uploads\/2024\/12\/avvolgibili1-708x447-1.jpg","contentUrl":"https:\/\/edilcassvb.com\/wp-content\/uploads\/2024\/12\/avvolgibili1-708x447-1.jpg"},{"@type":"BreadcrumbList","@id":"https:\/\/edilcassvb.com\/kasete-grile-edilcass\/#breadcrumb","itemListElement":[{"@type":"ListItem","position":1,"name":"Home","item":"https:\/\/edilcassvb.com\/"},{"@type":"ListItem","position":2,"name":"Kasete Grile Edilcass"}]},{"@type":"WebSite","@id":"https:\/\/edilcassvb.com\/#website","url":"https:\/\/edilcassvb.com\/","name":"Edilcass VB","description":"","publisher":{"@id":"https:\/\/edilcassvb.com\/#organization"},"potentialAction":[{"@type":"SearchAction","target":{"@type":"EntryPoint","urlTemplate":"https:\/\/edilcassvb.com\/?s={search_term_string}"},"query-input":{"@type":"PropertyValueSpecification","valueRequired":true,"valueName":"search_term_string"}}],"inLanguage":"en-US"},{"@type":"Organization","@id":"https:\/\/edilcassvb.com\/#organization","name":"Edilcass VB","url":"https:\/\/edilcassvb.com\/","logo":{"@type":"ImageObject","inLanguage":"en-US","@id":"https:\/\/edilcassvb.com\/#\/schema\/logo\/image\/","url":"https:\/\/edilcassvb.com\/wp-content\/uploads\/2024\/11\/EDILCASS-VB-Y.png","contentUrl":"https:\/\/edilcassvb.com\/wp-content\/uploads\/2024\/11\/EDILCASS-VB-Y.png","width":1705,"height":822,"caption":"Edilcass VB"},"image":{"@id":"https:\/\/edilcassvb.com\/#\/schema\/logo\/image\/"}}]}},"_links":{"self":[{"href":"https:\/\/edilcassvb.com\/en\/wp-json\/wp\/v2\/pages\/352","targetHints":{"allow":["GET"]}}],"collection":[{"href":"https:\/\/edilcassvb.com\/en\/wp-json\/wp\/v2\/pages"}],"about":[{"href":"https:\/\/edilcassvb.com\/en\/wp-json\/wp\/v2\/types\/page"}],"author":[{"embeddable":true,"href":"https:\/\/edilcassvb.com\/en\/wp-json\/wp\/v2\/users\/1"}],"replies":[{"embeddable":true,"href":"https:\/\/edilcassvb.com\/en\/wp-json\/wp\/v2\/comments?post=352"}],"version-history":[{"count":88,"href":"https:\/\/edilcassvb.com\/en\/wp-json\/wp\/v2\/pages\/352\/revisions"}],"predecessor-version":[{"id":915,"href":"https:\/\/edilcassvb.com\/en\/wp-json\/wp\/v2\/pages\/352\/revisions\/915"}],"wp:attachment":[{"href":"https:\/\/edilcassvb.com\/en\/wp-json\/wp\/v2\/media?parent=352"}],"curies":[{"name":"wp","href":"https:\/\/api.w.org\/{rel}","templated":true}]}}