{"id":311,"date":"2024-12-01T11:24:55","date_gmt":"2024-12-01T11:24:55","guid":{"rendered":"https:\/\/edilcassvb.com\/?page_id=311"},"modified":"2025-03-04T11:46:20","modified_gmt":"2025-03-04T11:46:20","slug":"contact-edilcass-vb","status":"publish","type":"page","link":"https:\/\/edilcassvb.com\/en\/contact-edilcass-vb\/","title":{"rendered":"Contact"},"content":{"rendered":"<div data-elementor-type=\"wp-page\" data-elementor-id=\"311\" class=\"elementor elementor-311\" data-elementor-post-type=\"page\">\n\t\t\t\t<div class=\"elementor-element elementor-element-d745ef6 e-flex e-con-boxed e-con e-parent\" data-id=\"d745ef6\" data-element_type=\"container\" data-e-type=\"container\" data-settings=\"{&quot;background_background&quot;:&quot;classic&quot;}\">\n\t\t\t\t\t<div class=\"e-con-inner\">\n\t\t<div class=\"elementor-element elementor-element-c8ccb57 e-con-full e-flex e-con e-child\" data-id=\"c8ccb57\" data-element_type=\"container\" data-e-type=\"container\">\n\t\t\t\t<div class=\"elementor-element elementor-element-7a0b42c elementor-widget elementor-widget-heading\" data-id=\"7a0b42c\" data-element_type=\"widget\" data-e-type=\"widget\" data-widget_type=\"heading.default\">\n\t\t\t\t<div class=\"elementor-widget-container\">\n\t\t\t\t\t<h1 class=\"elementor-heading-title elementor-size-default\">KONTAKT<\/h1>\t\t\t\t<\/div>\n\t\t\t\t<\/div>\n\t\t\t\t<\/div>\n\t\t\t\t\t<\/div>\n\t\t\t\t<\/div>\n\t\t<div class=\"elementor-element elementor-element-59ad079 e-flex e-con-boxed e-con e-parent\" data-id=\"59ad079\" data-element_type=\"container\" data-e-type=\"container\">\n\t\t\t\t\t<div class=\"e-con-inner\">\n\t\t\t\t<div class=\"elementor-element elementor-element-0c7a085 elementor-widget-divider--view-line_text elementor-widget-divider--element-align-center elementor-widget elementor-widget-divider\" data-id=\"0c7a085\" data-element_type=\"widget\" data-e-type=\"widget\" data-widget_type=\"divider.default\">\n\t\t\t\t<div class=\"elementor-widget-container\">\n\t\t\t\t\t\t\t<div class=\"elementor-divider\">\n\t\t\t<span class=\"elementor-divider-separator\">\n\t\t\t\t\t\t\t<span class=\"elementor-divider__text elementor-divider__element\">\n\t\t\t\tMain office\t\t\t\t<\/span>\n\t\t\t\t\t\t<\/span>\n\t\t<\/div>\n\t\t\t\t\t\t<\/div>\n\t\t\t\t<\/div>\n\t\t<div class=\"elementor-element elementor-element-53a0fb4 e-con-full e-flex e-con e-child\" data-id=\"53a0fb4\" data-element_type=\"container\" data-e-type=\"container\">\n\t\t<div class=\"elementor-element elementor-element-09609c5 e-con-full e-flex e-con e-child\" data-id=\"09609c5\" data-element_type=\"container\" data-e-type=\"container\">\n\t\t\t\t<div class=\"elementor-element elementor-element-838c4ac elementor-widget elementor-widget-icon-box\" data-id=\"838c4ac\" data-element_type=\"widget\" data-e-type=\"widget\" data-widget_type=\"icon-box.default\">\n\t\t\t\t<div class=\"elementor-widget-container\">\n\t\t\t\t\t\t\t<div class=\"elementor-icon-box-wrapper\">\n\n\t\t\t\n\t\t\t\t\t\t<div class=\"elementor-icon-box-content\">\n\n\t\t\t\t\t\t\t\t\t<h2 class=\"elementor-icon-box-title\">\n\t\t\t\t\t\t<span  >\n\t\t\t\t\t\t\tAddress\t\t\t\t\t\t<\/span>\n\t\t\t\t\t<\/h2>\n\t\t\t\t\n\t\t\t\t\t\t\t\t\t<p class=\"elementor-icon-box-description\">\n\t\t\t\t\t\tLagjia 13 Plazh, Unaza Shkozet Plepa, Durres\t\t\t\t\t<\/p>\n\t\t\t\t\n\t\t\t<\/div>\n\t\t\t\n\t\t<\/div>\n\t\t\t\t\t\t<\/div>\n\t\t\t\t<\/div>\n\t\t\t\t<div class=\"elementor-element elementor-element-ad88454 elementor-widget elementor-widget-icon-box\" data-id=\"ad88454\" data-element_type=\"widget\" data-e-type=\"widget\" data-widget_type=\"icon-box.default\">\n\t\t\t\t<div class=\"elementor-widget-container\">\n\t\t\t\t\t\t\t<div class=\"elementor-icon-box-wrapper\">\n\n\t\t\t\n\t\t\t\t\t\t<div class=\"elementor-icon-box-content\">\n\n\t\t\t\t\t\t\t\t\t<h3 class=\"elementor-icon-box-title\">\n\t\t\t\t\t\t<a href=\"mailto:info@edilcassvb.com\" >\n\t\t\t\t\t\t\tEmail\t\t\t\t\t\t<\/a>\n\t\t\t\t\t<\/h3>\n\t\t\t\t\n\t\t\t\t\t\t\t\t\t<p class=\"elementor-icon-box-description\">\n\t\t\t\t\t\tinfo@edilcassvb.com\t\t\t\t\t<\/p>\n\t\t\t\t\n\t\t\t<\/div>\n\t\t\t\n\t\t<\/div>\n\t\t\t\t\t\t<\/div>\n\t\t\t\t<\/div>\n\t\t\t\t<div class=\"elementor-element elementor-element-8c481b8 elementor-widget elementor-widget-icon-box\" data-id=\"8c481b8\" data-element_type=\"widget\" data-e-type=\"widget\" data-widget_type=\"icon-box.default\">\n\t\t\t\t<div class=\"elementor-widget-container\">\n\t\t\t\t\t\t\t<div class=\"elementor-icon-box-wrapper\">\n\n\t\t\t\n\t\t\t\t\t\t<div class=\"elementor-icon-box-content\">\n\n\t\t\t\t\t\t\t\t\t<h4 class=\"elementor-icon-box-title\">\n\t\t\t\t\t\t<a href=\"tel: 355 672089036\" >\n\t\t\t\t\t\t\tPhone\t\t\t\t\t\t<\/a>\n\t\t\t\t\t<\/h4>\n\t\t\t\t\n\t\t\t\t\t\t\t\t\t<p class=\"elementor-icon-box-description\">\n\t\t\t\t\t\t+355 672089036\t\t\t\t\t<\/p>\n\t\t\t\t\n\t\t\t<\/div>\n\t\t\t\n\t\t<\/div>\n\t\t\t\t\t\t<\/div>\n\t\t\t\t<\/div>\n\t\t\t\t<\/div>\n\t\t<div class=\"elementor-element elementor-element-b351c52 e-con-full e-flex e-con e-child\" data-id=\"b351c52\" data-element_type=\"container\" data-e-type=\"container\">\n\t\t\t\t<div class=\"elementor-element elementor-element-90233f8 elementor-widget elementor-widget-google_maps\" data-id=\"90233f8\" data-element_type=\"widget\" data-e-type=\"widget\" data-widget_type=\"google_maps.default\">\n\t\t\t\t<div class=\"elementor-widget-container\">\n\t\t\t\t\t\t\t<div class=\"elementor-custom-embed\">\n\t\t\t<iframe loading=\"lazy\"\n\t\t\t\t\tsrc=\"https:\/\/maps.google.com\/maps?q=Lagjia%2013%20Plazh%2C%20Unaza%20Shkozet%20Plepa%2C%20Durres&#038;t=m&#038;z=12&#038;output=embed&#038;iwloc=near\"\n\t\t\t\t\ttitle=\"Lagjia 13 Plazh, Unaza Shkozet Plepa, Durres\"\n\t\t\t\t\taria-label=\"Lagjia 13 Plazh, Unaza Shkozet Plepa, Durres\"\n\t\t\t><\/iframe>\n\t\t<\/div>\n\t\t\t\t\t\t<\/div>\n\t\t\t\t<\/div>\n\t\t\t\t<\/div>\n\t\t\t\t<\/div>\n\t\t\t\t\t<\/div>\n\t\t\t\t<\/div>\n\t\t<div class=\"elementor-element elementor-element-ceb3f31 e-flex e-con-boxed e-con e-parent\" data-id=\"ceb3f31\" data-element_type=\"container\" data-e-type=\"container\">\n\t\t\t\t\t<div class=\"e-con-inner\">\n\t\t\t\t<div class=\"elementor-element elementor-element-9b68ec4 elementor-widget elementor-widget-icon-box\" data-id=\"9b68ec4\" data-element_type=\"widget\" data-e-type=\"widget\" data-widget_type=\"icon-box.default\">\n\t\t\t\t<div class=\"elementor-widget-container\">\n\t\t\t\t\t\t\t<div class=\"elementor-icon-box-wrapper\">\n\n\t\t\t\n\t\t\t\t\t\t<div class=\"elementor-icon-box-content\">\n\n\t\t\t\t\t\t\t\t\t<h2 class=\"elementor-icon-box-title\">\n\t\t\t\t\t\t<span  >\n\t\t\t\t\t\t\tContact for technical support\t\t\t\t\t\t<\/span>\n\t\t\t\t\t<\/h2>\n\t\t\t\t\n\t\t\t\t\n\t\t\t<\/div>\n\t\t\t\n\t\t<\/div>\n\t\t\t\t\t\t<\/div>\n\t\t\t\t<\/div>\n\t\t\t\t<div class=\"elementor-element elementor-element-f73b634 elementor-button-align-stretch elementor-widget elementor-widget-form\" data-id=\"f73b634\" data-element_type=\"widget\" data-e-type=\"widget\" data-settings=\"{&quot;step_next_label&quot;:&quot;Next&quot;,&quot;step_previous_label&quot;:&quot;Previous&quot;,&quot;button_width&quot;:&quot;100&quot;,&quot;step_type&quot;:&quot;number_text&quot;,&quot;step_icon_shape&quot;:&quot;circle&quot;}\" data-widget_type=\"form.default\">\n\t\t\t\t<div class=\"elementor-widget-container\">\n\t\t\t\t\t\t\t<form class=\"elementor-form\" method=\"post\" name=\"New Form\" action=\"\">\n\t\t\t<input type=\"hidden\" name=\"post_id\" value=\"311\"\/>\n\t\t\t<input type=\"hidden\" name=\"form_id\" value=\"f73b634\"\/>\n\t\t\t<input type=\"hidden\" name=\"referer_title\" value=\"Kontaktoni Edilcass VB - Na Shkruani - Edilcass VB\" \/>\n\n\t\t\t\t\t\t\t<input type=\"hidden\" name=\"queried_id\" value=\"311\"\/>\n\t\t\t\n\t\t\t<div class=\"elementor-form-fields-wrapper elementor-labels-\">\n\t\t\t\t\t\t\t\t<div class=\"elementor-field-type-text elementor-field-group elementor-column elementor-field-group-name elementor-col-50\">\n\t\t\t\t\t\t\t\t\t\t\t\t<label for=\"form-field-name\" class=\"elementor-field-label elementor-screen-only\">\n\t\t\t\t\t\t\t\tName\t\t\t\t\t\t\t<\/label>\n\t\t\t\t\t\t\t\t\t\t\t\t\t\t<input size=\"1\" type=\"text\" name=\"form_fields[name]\" id=\"form-field-name\" class=\"elementor-field elementor-size-sm  elementor-field-textual\" placeholder=\"Name\">\n\t\t\t\t\t\t\t\t\t\t\t<\/div>\n\t\t\t\t\t\t\t\t<div class=\"elementor-field-type-email elementor-field-group elementor-column elementor-field-group-email elementor-col-50 elementor-field-required\">\n\t\t\t\t\t\t\t\t\t\t\t\t<label for=\"form-field-email\" class=\"elementor-field-label elementor-screen-only\">\n\t\t\t\t\t\t\t\tEmail\t\t\t\t\t\t\t<\/label>\n\t\t\t\t\t\t\t\t\t\t\t\t\t\t<input size=\"1\" type=\"email\" name=\"form_fields[email]\" id=\"form-field-email\" class=\"elementor-field elementor-size-sm  elementor-field-textual\" placeholder=\"Email\" required=\"required\" aria-required=\"true\">\n\t\t\t\t\t\t\t\t\t\t\t<\/div>\n\t\t\t\t\t\t\t\t<div class=\"elementor-field-type-tel elementor-field-group elementor-column elementor-field-group-field_4b7c142 elementor-col-50 elementor-field-required\">\n\t\t\t\t\t\t\t\t\t\t\t\t<label for=\"form-field-field_4b7c142\" class=\"elementor-field-label elementor-screen-only\">\n\t\t\t\t\t\t\t\tPhone\t\t\t\t\t\t\t<\/label>\n\t\t\t\t\t\t\t\t<input size=\"1\" type=\"tel\" name=\"form_fields[field_4b7c142]\" id=\"form-field-field_4b7c142\" class=\"elementor-field elementor-size-sm  elementor-field-textual\" placeholder=\"Phone\" required=\"required\" aria-required=\"true\" pattern=\"[0-9()#&amp;+*-=.]+\" title=\"Only numbers and phone characters (#, -, *, etc) are accepted.\">\n\n\t\t\t\t\t\t<\/div>\n\t\t\t\t\t\t\t\t<div class=\"elementor-field-type-tel elementor-field-group elementor-column elementor-field-group-field_17f1d1c elementor-col-50\">\n\t\t\t\t\t\t\t\t\t\t\t\t<label for=\"form-field-field_17f1d1c\" class=\"elementor-field-label elementor-screen-only\">\n\t\t\t\t\t\t\t\tCity\t\t\t\t\t\t\t<\/label>\n\t\t\t\t\t\t\t\t<input size=\"1\" type=\"tel\" name=\"form_fields[field_17f1d1c]\" id=\"form-field-field_17f1d1c\" class=\"elementor-field elementor-size-sm  elementor-field-textual\" placeholder=\"City\" pattern=\"[0-9()#&amp;+*-=.]+\" title=\"Only numbers and phone characters (#, -, *, etc) are accepted.\">\n\n\t\t\t\t\t\t<\/div>\n\t\t\t\t\t\t\t\t<div class=\"elementor-field-type-textarea elementor-field-group elementor-column elementor-field-group-message elementor-col-100\">\n\t\t\t\t\t\t\t\t\t\t\t\t<label for=\"form-field-message\" class=\"elementor-field-label elementor-screen-only\">\n\t\t\t\t\t\t\t\tMesazh\t\t\t\t\t\t\t<\/label>\n\t\t\t\t\t\t<textarea class=\"elementor-field-textual elementor-field  elementor-size-sm\" name=\"form_fields[message]\" id=\"form-field-message\" rows=\"4\" placeholder=\"Write your message\"><\/textarea>\t\t\t\t<\/div>\n\t\t\t\t\t\t\t\t<div class=\"elementor-field-type-acceptance elementor-field-group elementor-column elementor-field-group-field_3f8ef13 elementor-col-100 elementor-field-required\">\n\t\t\t\t\t\t\t\t\t\t\t\t<label for=\"form-field-field_3f8ef13\" class=\"elementor-field-label elementor-screen-only\">\n\t\t\t\t\t\t\t\tPolicy\t\t\t\t\t\t\t<\/label>\n\t\t\t\t\t\t\t\t<div class=\"elementor-field-subgroup\">\n\t\t\t<span class=\"elementor-field-option\">\n\t\t\t\t<input type=\"checkbox\" name=\"form_fields[field_3f8ef13]\" id=\"form-field-field_3f8ef13\" class=\"elementor-field elementor-size-sm  elementor-acceptance-field\" required=\"required\" aria-required=\"true\">\n\t\t\t\t<label for=\"form-field-field_3f8ef13\">I CONSENT to process my personal data in order to allow the provision of the requested service or service.<\/label>\t\t\t<\/span>\n\t\t<\/div>\n\t\t\t\t\t\t<\/div>\n\t\t\t\t\t\t\t\t<div class=\"elementor-field-group elementor-column elementor-field-type-submit elementor-col-100 e-form__buttons\">\n\t\t\t\t\t<button class=\"elementor-button elementor-size-sm\" type=\"submit\">\n\t\t\t\t\t\t<span class=\"elementor-button-content-wrapper\">\n\t\t\t\t\t\t\t\t\t\t\t\t\t\t\t\t\t\t\t\t\t\t<span class=\"elementor-button-text\">SUBMIT<\/span>\n\t\t\t\t\t\t\t\t\t\t\t\t\t<\/span>\n\t\t\t\t\t<\/button>\n\t\t\t\t<\/div>\n\t\t\t<\/div>\n\t\t<input type=\"hidden\" name=\"trp-form-language\" value=\"en\"\/><\/form>\n\t\t\t\t\t\t<\/div>\n\t\t\t\t<\/div>\n\t\t\t\t\t<\/div>\n\t\t\t\t<\/div>\n\t\t\t\t<\/div>","protected":false},"excerpt":{"rendered":"<p>KONTAKT Zyra kryesore Adresa Lagjia 13 Plazh, Unaza Shkozet Plepa, Durres Email info@edilcassvb.com Phone +355 672089036 Kontaktoni p\u00ebr mb\u00ebshtetje teknike<\/p>","protected":false},"author":1,"featured_media":0,"parent":0,"menu_order":0,"comment_status":"closed","ping_status":"closed","template":"","meta":{"footnotes":""},"class_list":["post-311","page","type-page","status-publish","hentry"],"yoast_head":"<!-- This site is optimized with the Yoast SEO plugin v24.5 - https:\/\/yoast.com\/wordpress\/plugins\/seo\/ -->\n<title>Kontaktoni Edilcass VB - Na Shkruani - Edilcass VB<\/title>\n<meta name=\"description\" content=\"Kontaktoni Edilcass VB p\u00ebr p\u00ebrpunimin dhe montimin e grilave. Na kontaktoni p\u00ebr zgjidhje t\u00eb personalizuara dhe materiale cil\u00ebsore.\" \/>\n<meta name=\"robots\" content=\"index, follow, max-snippet:-1, max-image-preview:large, max-video-preview:-1\" \/>\n<link rel=\"canonical\" href=\"https:\/\/edilcassvb.com\/en\/contact-edilcass-vb\/\" \/>\n<meta property=\"og:locale\" content=\"en_US\" \/>\n<meta property=\"og:type\" content=\"article\" \/>\n<meta property=\"og:title\" content=\"Kontaktoni Edilcass VB - Na Shkruani - Edilcass VB\" \/>\n<meta property=\"og:description\" content=\"Kontaktoni Edilcass VB p\u00ebr p\u00ebrpunimin dhe montimin e grilave. Na kontaktoni p\u00ebr zgjidhje t\u00eb personalizuara dhe materiale cil\u00ebsore.\" \/>\n<meta property=\"og:url\" content=\"https:\/\/edilcassvb.com\/en\/contact-edilcass-vb\/\" \/>\n<meta property=\"og:site_name\" content=\"Edilcass VB\" \/>\n<meta property=\"article:modified_time\" content=\"2025-03-04T11:46:20+00:00\" \/>\n<meta name=\"twitter:card\" content=\"summary_large_image\" \/>\n<meta name=\"twitter:label1\" content=\"Est. reading time\" \/>\n\t<meta name=\"twitter:data1\" content=\"1 minute\" \/>\n<script type=\"application\/ld+json\" class=\"yoast-schema-graph\">{\"@context\":\"https:\/\/schema.org\",\"@graph\":[{\"@type\":\"WebPage\",\"@id\":\"https:\/\/edilcassvb.com\/contact-edilcass-vb\/\",\"url\":\"https:\/\/edilcassvb.com\/contact-edilcass-vb\/\",\"name\":\"Kontaktoni Edilcass VB - Na Shkruani - Edilcass VB\",\"isPartOf\":{\"@id\":\"https:\/\/edilcassvb.com\/#website\"},\"datePublished\":\"2024-12-01T11:24:55+00:00\",\"dateModified\":\"2025-03-04T11:46:20+00:00\",\"description\":\"Kontaktoni Edilcass VB p\u00ebr p\u00ebrpunimin dhe montimin e grilave. Na kontaktoni p\u00ebr zgjidhje t\u00eb personalizuara dhe materiale cil\u00ebsore.\",\"breadcrumb\":{\"@id\":\"https:\/\/edilcassvb.com\/contact-edilcass-vb\/#breadcrumb\"},\"inLanguage\":\"en-US\",\"potentialAction\":[{\"@type\":\"ReadAction\",\"target\":[\"https:\/\/edilcassvb.com\/contact-edilcass-vb\/\"]}]},{\"@type\":\"BreadcrumbList\",\"@id\":\"https:\/\/edilcassvb.com\/contact-edilcass-vb\/#breadcrumb\",\"itemListElement\":[{\"@type\":\"ListItem\",\"position\":1,\"name\":\"Home\",\"item\":\"https:\/\/edilcassvb.com\/\"},{\"@type\":\"ListItem\",\"position\":2,\"name\":\"Contact\"}]},{\"@type\":\"WebSite\",\"@id\":\"https:\/\/edilcassvb.com\/#website\",\"url\":\"https:\/\/edilcassvb.com\/\",\"name\":\"Edilcass VB\",\"description\":\"\",\"publisher\":{\"@id\":\"https:\/\/edilcassvb.com\/#organization\"},\"potentialAction\":[{\"@type\":\"SearchAction\",\"target\":{\"@type\":\"EntryPoint\",\"urlTemplate\":\"https:\/\/edilcassvb.com\/?s={search_term_string}\"},\"query-input\":{\"@type\":\"PropertyValueSpecification\",\"valueRequired\":true,\"valueName\":\"search_term_string\"}}],\"inLanguage\":\"en-US\"},{\"@type\":\"Organization\",\"@id\":\"https:\/\/edilcassvb.com\/#organization\",\"name\":\"Edilcass VB\",\"url\":\"https:\/\/edilcassvb.com\/\",\"logo\":{\"@type\":\"ImageObject\",\"inLanguage\":\"en-US\",\"@id\":\"https:\/\/edilcassvb.com\/#\/schema\/logo\/image\/\",\"url\":\"https:\/\/edilcassvb.com\/wp-content\/uploads\/2024\/11\/EDILCASS-VB-Y.png\",\"contentUrl\":\"https:\/\/edilcassvb.com\/wp-content\/uploads\/2024\/11\/EDILCASS-VB-Y.png\",\"width\":1705,\"height\":822,\"caption\":\"Edilcass VB\"},\"image\":{\"@id\":\"https:\/\/edilcassvb.com\/#\/schema\/logo\/image\/\"}}]}<\/script>\n<!-- \/ Yoast SEO plugin. -->","yoast_head_json":{"title":"Kontaktoni Edilcass VB - Na Shkruani - Edilcass VB","description":"Kontaktoni Edilcass VB p\u00ebr p\u00ebrpunimin dhe montimin e grilave. Na kontaktoni p\u00ebr zgjidhje t\u00eb personalizuara dhe materiale cil\u00ebsore.","robots":{"index":"index","follow":"follow","max-snippet":"max-snippet:-1","max-image-preview":"max-image-preview:large","max-video-preview":"max-video-preview:-1"},"canonical":"https:\/\/edilcassvb.com\/en\/contact-edilcass-vb\/","og_locale":"en_US","og_type":"article","og_title":"Kontaktoni Edilcass VB - Na Shkruani - Edilcass VB","og_description":"Kontaktoni Edilcass VB p\u00ebr p\u00ebrpunimin dhe montimin e grilave. Na kontaktoni p\u00ebr zgjidhje t\u00eb personalizuara dhe materiale cil\u00ebsore.","og_url":"https:\/\/edilcassvb.com\/en\/contact-edilcass-vb\/","og_site_name":"Edilcass VB","article_modified_time":"2025-03-04T11:46:20+00:00","twitter_card":"summary_large_image","twitter_misc":{"Est. reading time":"1 minute"},"schema":{"@context":"https:\/\/schema.org","@graph":[{"@type":"WebPage","@id":"https:\/\/edilcassvb.com\/contact-edilcass-vb\/","url":"https:\/\/edilcassvb.com\/contact-edilcass-vb\/","name":"Kontaktoni Edilcass VB - Na Shkruani - Edilcass VB","isPartOf":{"@id":"https:\/\/edilcassvb.com\/#website"},"datePublished":"2024-12-01T11:24:55+00:00","dateModified":"2025-03-04T11:46:20+00:00","description":"Kontaktoni Edilcass VB p\u00ebr p\u00ebrpunimin dhe montimin e grilave. Na kontaktoni p\u00ebr zgjidhje t\u00eb personalizuara dhe materiale cil\u00ebsore.","breadcrumb":{"@id":"https:\/\/edilcassvb.com\/contact-edilcass-vb\/#breadcrumb"},"inLanguage":"en-US","potentialAction":[{"@type":"ReadAction","target":["https:\/\/edilcassvb.com\/contact-edilcass-vb\/"]}]},{"@type":"BreadcrumbList","@id":"https:\/\/edilcassvb.com\/contact-edilcass-vb\/#breadcrumb","itemListElement":[{"@type":"ListItem","position":1,"name":"Home","item":"https:\/\/edilcassvb.com\/"},{"@type":"ListItem","position":2,"name":"Contact"}]},{"@type":"WebSite","@id":"https:\/\/edilcassvb.com\/#website","url":"https:\/\/edilcassvb.com\/","name":"Edilcass VB","description":"","publisher":{"@id":"https:\/\/edilcassvb.com\/#organization"},"potentialAction":[{"@type":"SearchAction","target":{"@type":"EntryPoint","urlTemplate":"https:\/\/edilcassvb.com\/?s={search_term_string}"},"query-input":{"@type":"PropertyValueSpecification","valueRequired":true,"valueName":"search_term_string"}}],"inLanguage":"en-US"},{"@type":"Organization","@id":"https:\/\/edilcassvb.com\/#organization","name":"Edilcass VB","url":"https:\/\/edilcassvb.com\/","logo":{"@type":"ImageObject","inLanguage":"en-US","@id":"https:\/\/edilcassvb.com\/#\/schema\/logo\/image\/","url":"https:\/\/edilcassvb.com\/wp-content\/uploads\/2024\/11\/EDILCASS-VB-Y.png","contentUrl":"https:\/\/edilcassvb.com\/wp-content\/uploads\/2024\/11\/EDILCASS-VB-Y.png","width":1705,"height":822,"caption":"Edilcass VB"},"image":{"@id":"https:\/\/edilcassvb.com\/#\/schema\/logo\/image\/"}}]}},"_links":{"self":[{"href":"https:\/\/edilcassvb.com\/en\/wp-json\/wp\/v2\/pages\/311","targetHints":{"allow":["GET"]}}],"collection":[{"href":"https:\/\/edilcassvb.com\/en\/wp-json\/wp\/v2\/pages"}],"about":[{"href":"https:\/\/edilcassvb.com\/en\/wp-json\/wp\/v2\/types\/page"}],"author":[{"embeddable":true,"href":"https:\/\/edilcassvb.com\/en\/wp-json\/wp\/v2\/users\/1"}],"replies":[{"embeddable":true,"href":"https:\/\/edilcassvb.com\/en\/wp-json\/wp\/v2\/comments?post=311"}],"version-history":[{"count":35,"href":"https:\/\/edilcassvb.com\/en\/wp-json\/wp\/v2\/pages\/311\/revisions"}],"predecessor-version":[{"id":950,"href":"https:\/\/edilcassvb.com\/en\/wp-json\/wp\/v2\/pages\/311\/revisions\/950"}],"wp:attachment":[{"href":"https:\/\/edilcassvb.com\/en\/wp-json\/wp\/v2\/media?parent=311"}],"curies":[{"name":"wp","href":"https:\/\/api.w.org\/{rel}","templated":true}]}}