{"id":199,"date":"2024-11-29T05:18:28","date_gmt":"2024-11-29T05:18:28","guid":{"rendered":"https:\/\/edilcassvb.com\/?page_id=199"},"modified":"2025-03-04T11:50:56","modified_gmt":"2025-03-04T11:50:56","slug":"rreth-nesh-edilcass-vb","status":"publish","type":"page","link":"https:\/\/edilcassvb.com\/en\/rreth-nesh-edilcass-vb\/","title":{"rendered":"About Us"},"content":{"rendered":"<div data-elementor-type=\"wp-page\" data-elementor-id=\"199\" class=\"elementor elementor-199\" data-elementor-post-type=\"page\">\n\t\t\t\t<div class=\"elementor-element elementor-element-3573f12 e-flex e-con-boxed e-con e-parent\" data-id=\"3573f12\" data-element_type=\"container\" data-e-type=\"container\" data-settings=\"{&quot;background_background&quot;:&quot;classic&quot;}\">\n\t\t\t\t\t<div class=\"e-con-inner\">\n\t\t<div class=\"elementor-element elementor-element-1640115 e-con-full e-flex e-con e-child\" data-id=\"1640115\" data-element_type=\"container\" data-e-type=\"container\">\n\t\t\t\t<div class=\"elementor-element elementor-element-624ad88 elementor-widget elementor-widget-heading\" data-id=\"624ad88\" data-element_type=\"widget\" data-e-type=\"widget\" data-widget_type=\"heading.default\">\n\t\t\t\t<div class=\"elementor-widget-container\">\n\t\t\t\t\t<h1 class=\"elementor-heading-title elementor-size-default\">About Us<\/h1>\t\t\t\t<\/div>\n\t\t\t\t<\/div>\n\t\t\t\t<\/div>\n\t\t\t\t\t<\/div>\n\t\t\t\t<\/div>\n\t\t<div class=\"elementor-element elementor-element-c79cbf2 e-flex e-con-boxed e-con e-parent\" data-id=\"c79cbf2\" data-element_type=\"container\" data-e-type=\"container\">\n\t\t\t\t\t<div class=\"e-con-inner\">\n\t\t<div class=\"elementor-element elementor-element-7d2837d e-con-full e-flex e-con e-child\" data-id=\"7d2837d\" data-element_type=\"container\" data-e-type=\"container\">\n\t\t\t\t<div class=\"elementor-element elementor-element-999f5e2 elementor-widget elementor-widget-icon-box\" data-id=\"999f5e2\" data-element_type=\"widget\" data-e-type=\"widget\" data-widget_type=\"icon-box.default\">\n\t\t\t\t<div class=\"elementor-widget-container\">\n\t\t\t\t\t\t\t<div class=\"elementor-icon-box-wrapper\">\n\n\t\t\t\n\t\t\t\t\t\t<div class=\"elementor-icon-box-content\">\n\n\t\t\t\t\t\t\t\t\t<h2 class=\"elementor-icon-box-title\">\n\t\t\t\t\t\t<span  >\n\t\t\t\t\t\t\tOur journey\t\t\t\t\t\t<\/span>\n\t\t\t\t\t<\/h2>\n\t\t\t\t\n\t\t\t\t\t\t\t\t\t<p class=\"elementor-icon-box-description\">\n\t\t\t\t\t\tEdilcass VB shpk was established on 28.03.2003. The main object of our company is the processing and assembly of the \"Edilcass\" grill. It is called as such because its main and special element is the \"Edilcass\" cassette imported by the Italian manufacturer \"Edilcass\" s.p.a Cisternino (BA) Italy.<br><br>\n\nWe also specialize in the processing and assembly of the grill, the raw material of which is imported from our manufacturers \"EXPALUM, Extreme\u00f1a de Perfilados de Aluminio\" and \"MV LINE S.p.A\".\t\t\t\t\t<\/p>\n\t\t\t\t\n\t\t\t<\/div>\n\t\t\t\n\t\t<\/div>\n\t\t\t\t\t\t<\/div>\n\t\t\t\t<\/div>\n\t\t\t\t<div class=\"elementor-element elementor-element-08969ce elementor-mobile-align-justify elementor-widget-mobile__width-inherit elementor-invisible elementor-widget elementor-widget-button\" data-id=\"08969ce\" data-element_type=\"widget\" data-e-type=\"widget\" data-settings=\"{&quot;_animation&quot;:&quot;fadeInUp&quot;,&quot;_animation_delay&quot;:300}\" data-widget_type=\"button.default\">\n\t\t\t\t<div class=\"elementor-widget-container\">\n\t\t\t\t\t\t\t\t\t<div class=\"elementor-button-wrapper\">\n\t\t\t\t\t<a class=\"elementor-button elementor-button-link elementor-size-sm\" href=\"https:\/\/edilcassvb.com\/en\/contact\/\">\n\t\t\t\t\t\t<span class=\"elementor-button-content-wrapper\">\n\t\t\t\t\t\t\t\t\t<span class=\"elementor-button-text\">CONTACT<\/span>\n\t\t\t\t\t<\/span>\n\t\t\t\t\t<\/a>\n\t\t\t\t<\/div>\n\t\t\t\t\t\t\t\t<\/div>\n\t\t\t\t<\/div>\n\t\t\t\t<\/div>\n\t\t<div class=\"elementor-element elementor-element-97725d7 e-con-full e-flex e-con e-child\" data-id=\"97725d7\" data-element_type=\"container\" data-e-type=\"container\">\n\t\t\t\t<div class=\"elementor-element elementor-element-63f1811 elementor-widget elementor-widget-image\" data-id=\"63f1811\" data-element_type=\"widget\" data-e-type=\"widget\" data-widget_type=\"image.default\">\n\t\t\t\t<div class=\"elementor-widget-container\">\n\t\t\t\t\t\t\t\t\t\t\t\t\t\t\t<img fetchpriority=\"high\" decoding=\"async\" width=\"800\" height=\"533\" src=\"https:\/\/edilcassvb.com\/wp-content\/uploads\/2024\/11\/To-be-used-around-the-website-1.jpeg\" class=\"attachment-large size-large wp-image-266\" alt=\"Edilcass VB\" srcset=\"https:\/\/edilcassvb.com\/wp-content\/uploads\/2024\/11\/To-be-used-around-the-website-1.jpeg 901w, https:\/\/edilcassvb.com\/wp-content\/uploads\/2024\/11\/To-be-used-around-the-website-1-300x200.jpeg 300w, https:\/\/edilcassvb.com\/wp-content\/uploads\/2024\/11\/To-be-used-around-the-website-1-768x511.jpeg 768w\" sizes=\"(max-width: 800px) 100vw, 800px\" \/>\t\t\t\t\t\t\t\t\t\t\t\t\t\t\t<\/div>\n\t\t\t\t<\/div>\n\t\t\t\t<\/div>\n\t\t\t\t\t<\/div>\n\t\t\t\t<\/div>\n\t\t<div class=\"elementor-element elementor-element-192dbb7 e-flex e-con-boxed e-con e-parent\" data-id=\"192dbb7\" data-element_type=\"container\" data-e-type=\"container\">\n\t\t\t\t\t<div class=\"e-con-inner\">\n\t\t<div class=\"elementor-element elementor-element-517a574 e-con-full e-flex e-con e-child\" data-id=\"517a574\" data-element_type=\"container\" data-e-type=\"container\">\n\t\t<div class=\"elementor-element elementor-element-394d44e e-con-full e-flex e-con e-child\" data-id=\"394d44e\" data-element_type=\"container\" data-e-type=\"container\">\n\t\t\t\t<div class=\"elementor-element elementor-element-02aeec7 elementor-widget elementor-widget-icon-box\" data-id=\"02aeec7\" data-element_type=\"widget\" data-e-type=\"widget\" data-widget_type=\"icon-box.default\">\n\t\t\t\t<div class=\"elementor-widget-container\">\n\t\t\t\t\t\t\t<div class=\"elementor-icon-box-wrapper\">\n\n\t\t\t\n\t\t\t\t\t\t<div class=\"elementor-icon-box-content\">\n\n\t\t\t\t\t\t\t\t\t<h2 class=\"elementor-icon-box-title\">\n\t\t\t\t\t\t<span  >\n\t\t\t\t\t\t\tThe cities we have worked\t\t\t\t\t\t<\/span>\n\t\t\t\t\t<\/h2>\n\t\t\t\t\n\t\t\t\t\n\t\t\t<\/div>\n\t\t\t\n\t\t<\/div>\n\t\t\t\t\t\t<\/div>\n\t\t\t\t<\/div>\n\t\t\t\t<\/div>\n\t\t<div class=\"elementor-element elementor-element-a57c834 e-con-full e-flex e-con e-child\" data-id=\"a57c834\" data-element_type=\"container\" data-e-type=\"container\">\n\t\t<div class=\"elementor-element elementor-element-c7c148c e-con-full e-flex e-con e-child\" data-id=\"c7c148c\" data-element_type=\"container\" data-e-type=\"container\" data-settings=\"{&quot;background_background&quot;:&quot;classic&quot;}\">\n\t\t\t\t<div class=\"elementor-element elementor-element-3016211 elementor-widget elementor-widget-html\" data-id=\"3016211\" data-element_type=\"widget\" data-e-type=\"widget\" data-widget_type=\"html.default\">\n\t\t\t\t<div class=\"elementor-widget-container\">\n\t\t\t\t\t<iframe src=\"https:\/\/www.google.com\/maps\/d\/u\/4\/embed?mid=1Pnn2UyqXrChnqGns0oAKPeVwJazu7gw&ehbc=2E312F\" width=\"640\" height=\"480\"><\/iframe>\t\t\t\t<\/div>\n\t\t\t\t<\/div>\n\t\t\t\t<\/div>\n\t\t\t\t<\/div>\n\t\t\t\t<\/div>\n\t\t\t\t\t<\/div>\n\t\t\t\t<\/div>\n\t\t\t\t<\/div>","protected":false},"excerpt":{"rendered":"<p>RRETH NESH Udh\u00ebtimi yn\u00eb Edilcass VB shpk \u00ebsht\u00eb krijuar me 28.03.2003. Objekti kryesor i shoqerise tone eshte perpunimi dhe montimi i griles \u201cEdilcass\u201d. Quhet e tille pasi elementi kryesor dhe i vecante i saj eshte kaseta \u201cEdilcass\u201d e importuar nga prodhuesi italian \u201cEdilcass\u201d s.p.a Cisternino (BA) Itali. Ne gjithashtu jemi te specializuar ne perpunimin dhe [&hellip;]<\/p>","protected":false},"author":1,"featured_media":0,"parent":0,"menu_order":0,"comment_status":"closed","ping_status":"closed","template":"","meta":{"footnotes":""},"class_list":["post-199","page","type-page","status-publish","hentry"],"yoast_head":"<!-- This site is optimized with the Yoast SEO plugin v24.5 - https:\/\/yoast.com\/wordpress\/plugins\/seo\/ -->\n<title>Edilcass VB - P\u00ebrpunim &amp; Montim Grilash - RRETH NESH<\/title>\n<meta name=\"description\" content=\"Edilcass VB \u00ebsht\u00eb e specializuar n\u00eb p\u00ebrpunimin dhe montimin e grilave \u201cEdilcass\u201d me materiale cil\u00ebsore nga prodhues europian\u00eb\" \/>\n<meta name=\"robots\" content=\"index, follow, max-snippet:-1, max-image-preview:large, max-video-preview:-1\" \/>\n<link rel=\"canonical\" href=\"https:\/\/edilcassvb.com\/en\/rreth-nesh-edilcass-vb\/\" \/>\n<meta property=\"og:locale\" content=\"en_US\" \/>\n<meta property=\"og:type\" content=\"article\" \/>\n<meta property=\"og:title\" content=\"Edilcass VB - P\u00ebrpunim &amp; Montim Grilash - RRETH NESH\" \/>\n<meta property=\"og:description\" content=\"Edilcass VB \u00ebsht\u00eb e specializuar n\u00eb p\u00ebrpunimin dhe montimin e grilave \u201cEdilcass\u201d me materiale cil\u00ebsore nga prodhues europian\u00eb\" \/>\n<meta property=\"og:url\" content=\"https:\/\/edilcassvb.com\/en\/rreth-nesh-edilcass-vb\/\" \/>\n<meta property=\"og:site_name\" content=\"Edilcass VB\" \/>\n<meta property=\"article:modified_time\" content=\"2025-03-04T11:50:56+00:00\" \/>\n<meta property=\"og:image\" content=\"https:\/\/edilcassvb.com\/wp-content\/uploads\/2024\/11\/To-be-used-around-the-website-1.jpeg\" \/>\n<meta name=\"twitter:card\" content=\"summary_large_image\" \/>\n<meta name=\"twitter:label1\" content=\"Est. reading time\" \/>\n\t<meta name=\"twitter:data1\" content=\"1 minute\" \/>\n<script type=\"application\/ld+json\" class=\"yoast-schema-graph\">{\"@context\":\"https:\/\/schema.org\",\"@graph\":[{\"@type\":\"WebPage\",\"@id\":\"https:\/\/edilcassvb.com\/rreth-nesh-edilcass-vb\/\",\"url\":\"https:\/\/edilcassvb.com\/rreth-nesh-edilcass-vb\/\",\"name\":\"Edilcass VB - P\u00ebrpunim & Montim Grilash - RRETH NESH\",\"isPartOf\":{\"@id\":\"https:\/\/edilcassvb.com\/#website\"},\"primaryImageOfPage\":{\"@id\":\"https:\/\/edilcassvb.com\/rreth-nesh-edilcass-vb\/#primaryimage\"},\"image\":{\"@id\":\"https:\/\/edilcassvb.com\/rreth-nesh-edilcass-vb\/#primaryimage\"},\"thumbnailUrl\":\"https:\/\/edilcassvb.com\/wp-content\/uploads\/2024\/11\/To-be-used-around-the-website-1.jpeg\",\"datePublished\":\"2024-11-29T05:18:28+00:00\",\"dateModified\":\"2025-03-04T11:50:56+00:00\",\"description\":\"Edilcass VB \u00ebsht\u00eb e specializuar n\u00eb p\u00ebrpunimin dhe montimin e grilave \u201cEdilcass\u201d me materiale cil\u00ebsore nga prodhues europian\u00eb\",\"breadcrumb\":{\"@id\":\"https:\/\/edilcassvb.com\/rreth-nesh-edilcass-vb\/#breadcrumb\"},\"inLanguage\":\"en-US\",\"potentialAction\":[{\"@type\":\"ReadAction\",\"target\":[\"https:\/\/edilcassvb.com\/rreth-nesh-edilcass-vb\/\"]}]},{\"@type\":\"ImageObject\",\"inLanguage\":\"en-US\",\"@id\":\"https:\/\/edilcassvb.com\/rreth-nesh-edilcass-vb\/#primaryimage\",\"url\":\"https:\/\/edilcassvb.com\/wp-content\/uploads\/2024\/11\/To-be-used-around-the-website-1.jpeg\",\"contentUrl\":\"https:\/\/edilcassvb.com\/wp-content\/uploads\/2024\/11\/To-be-used-around-the-website-1.jpeg\"},{\"@type\":\"BreadcrumbList\",\"@id\":\"https:\/\/edilcassvb.com\/rreth-nesh-edilcass-vb\/#breadcrumb\",\"itemListElement\":[{\"@type\":\"ListItem\",\"position\":1,\"name\":\"Home\",\"item\":\"https:\/\/edilcassvb.com\/\"},{\"@type\":\"ListItem\",\"position\":2,\"name\":\"RRETH NESH\"}]},{\"@type\":\"WebSite\",\"@id\":\"https:\/\/edilcassvb.com\/#website\",\"url\":\"https:\/\/edilcassvb.com\/\",\"name\":\"Edilcass VB\",\"description\":\"\",\"publisher\":{\"@id\":\"https:\/\/edilcassvb.com\/#organization\"},\"potentialAction\":[{\"@type\":\"SearchAction\",\"target\":{\"@type\":\"EntryPoint\",\"urlTemplate\":\"https:\/\/edilcassvb.com\/?s={search_term_string}\"},\"query-input\":{\"@type\":\"PropertyValueSpecification\",\"valueRequired\":true,\"valueName\":\"search_term_string\"}}],\"inLanguage\":\"en-US\"},{\"@type\":\"Organization\",\"@id\":\"https:\/\/edilcassvb.com\/#organization\",\"name\":\"Edilcass VB\",\"url\":\"https:\/\/edilcassvb.com\/\",\"logo\":{\"@type\":\"ImageObject\",\"inLanguage\":\"en-US\",\"@id\":\"https:\/\/edilcassvb.com\/#\/schema\/logo\/image\/\",\"url\":\"https:\/\/edilcassvb.com\/wp-content\/uploads\/2024\/11\/EDILCASS-VB-Y.png\",\"contentUrl\":\"https:\/\/edilcassvb.com\/wp-content\/uploads\/2024\/11\/EDILCASS-VB-Y.png\",\"width\":1705,\"height\":822,\"caption\":\"Edilcass VB\"},\"image\":{\"@id\":\"https:\/\/edilcassvb.com\/#\/schema\/logo\/image\/\"}}]}<\/script>\n<!-- \/ Yoast SEO plugin. -->","yoast_head_json":{"title":"Edilcass VB - P\u00ebrpunim & Montim Grilash - RRETH NESH","description":"Edilcass VB \u00ebsht\u00eb e specializuar n\u00eb p\u00ebrpunimin dhe montimin e grilave \u201cEdilcass\u201d me materiale cil\u00ebsore nga prodhues europian\u00eb","robots":{"index":"index","follow":"follow","max-snippet":"max-snippet:-1","max-image-preview":"max-image-preview:large","max-video-preview":"max-video-preview:-1"},"canonical":"https:\/\/edilcassvb.com\/en\/rreth-nesh-edilcass-vb\/","og_locale":"en_US","og_type":"article","og_title":"Edilcass VB - P\u00ebrpunim & Montim Grilash - RRETH NESH","og_description":"Edilcass VB \u00ebsht\u00eb e specializuar n\u00eb p\u00ebrpunimin dhe montimin e grilave \u201cEdilcass\u201d me materiale cil\u00ebsore nga prodhues europian\u00eb","og_url":"https:\/\/edilcassvb.com\/en\/rreth-nesh-edilcass-vb\/","og_site_name":"Edilcass VB","article_modified_time":"2025-03-04T11:50:56+00:00","og_image":[{"url":"https:\/\/edilcassvb.com\/wp-content\/uploads\/2024\/11\/To-be-used-around-the-website-1.jpeg","type":"","width":"","height":""}],"twitter_card":"summary_large_image","twitter_misc":{"Est. reading time":"1 minute"},"schema":{"@context":"https:\/\/schema.org","@graph":[{"@type":"WebPage","@id":"https:\/\/edilcassvb.com\/rreth-nesh-edilcass-vb\/","url":"https:\/\/edilcassvb.com\/rreth-nesh-edilcass-vb\/","name":"Edilcass VB - P\u00ebrpunim & Montim Grilash - RRETH NESH","isPartOf":{"@id":"https:\/\/edilcassvb.com\/#website"},"primaryImageOfPage":{"@id":"https:\/\/edilcassvb.com\/rreth-nesh-edilcass-vb\/#primaryimage"},"image":{"@id":"https:\/\/edilcassvb.com\/rreth-nesh-edilcass-vb\/#primaryimage"},"thumbnailUrl":"https:\/\/edilcassvb.com\/wp-content\/uploads\/2024\/11\/To-be-used-around-the-website-1.jpeg","datePublished":"2024-11-29T05:18:28+00:00","dateModified":"2025-03-04T11:50:56+00:00","description":"Edilcass VB \u00ebsht\u00eb e specializuar n\u00eb p\u00ebrpunimin dhe montimin e grilave \u201cEdilcass\u201d me materiale cil\u00ebsore nga prodhues europian\u00eb","breadcrumb":{"@id":"https:\/\/edilcassvb.com\/rreth-nesh-edilcass-vb\/#breadcrumb"},"inLanguage":"en-US","potentialAction":[{"@type":"ReadAction","target":["https:\/\/edilcassvb.com\/rreth-nesh-edilcass-vb\/"]}]},{"@type":"ImageObject","inLanguage":"en-US","@id":"https:\/\/edilcassvb.com\/rreth-nesh-edilcass-vb\/#primaryimage","url":"https:\/\/edilcassvb.com\/wp-content\/uploads\/2024\/11\/To-be-used-around-the-website-1.jpeg","contentUrl":"https:\/\/edilcassvb.com\/wp-content\/uploads\/2024\/11\/To-be-used-around-the-website-1.jpeg"},{"@type":"BreadcrumbList","@id":"https:\/\/edilcassvb.com\/rreth-nesh-edilcass-vb\/#breadcrumb","itemListElement":[{"@type":"ListItem","position":1,"name":"Home","item":"https:\/\/edilcassvb.com\/"},{"@type":"ListItem","position":2,"name":"RRETH NESH"}]},{"@type":"WebSite","@id":"https:\/\/edilcassvb.com\/#website","url":"https:\/\/edilcassvb.com\/","name":"Edilcass VB","description":"","publisher":{"@id":"https:\/\/edilcassvb.com\/#organization"},"potentialAction":[{"@type":"SearchAction","target":{"@type":"EntryPoint","urlTemplate":"https:\/\/edilcassvb.com\/?s={search_term_string}"},"query-input":{"@type":"PropertyValueSpecification","valueRequired":true,"valueName":"search_term_string"}}],"inLanguage":"en-US"},{"@type":"Organization","@id":"https:\/\/edilcassvb.com\/#organization","name":"Edilcass VB","url":"https:\/\/edilcassvb.com\/","logo":{"@type":"ImageObject","inLanguage":"en-US","@id":"https:\/\/edilcassvb.com\/#\/schema\/logo\/image\/","url":"https:\/\/edilcassvb.com\/wp-content\/uploads\/2024\/11\/EDILCASS-VB-Y.png","contentUrl":"https:\/\/edilcassvb.com\/wp-content\/uploads\/2024\/11\/EDILCASS-VB-Y.png","width":1705,"height":822,"caption":"Edilcass VB"},"image":{"@id":"https:\/\/edilcassvb.com\/#\/schema\/logo\/image\/"}}]}},"_links":{"self":[{"href":"https:\/\/edilcassvb.com\/en\/wp-json\/wp\/v2\/pages\/199","targetHints":{"allow":["GET"]}}],"collection":[{"href":"https:\/\/edilcassvb.com\/en\/wp-json\/wp\/v2\/pages"}],"about":[{"href":"https:\/\/edilcassvb.com\/en\/wp-json\/wp\/v2\/types\/page"}],"author":[{"embeddable":true,"href":"https:\/\/edilcassvb.com\/en\/wp-json\/wp\/v2\/users\/1"}],"replies":[{"embeddable":true,"href":"https:\/\/edilcassvb.com\/en\/wp-json\/wp\/v2\/comments?post=199"}],"version-history":[{"count":66,"href":"https:\/\/edilcassvb.com\/en\/wp-json\/wp\/v2\/pages\/199\/revisions"}],"predecessor-version":[{"id":951,"href":"https:\/\/edilcassvb.com\/en\/wp-json\/wp\/v2\/pages\/199\/revisions\/951"}],"wp:attachment":[{"href":"https:\/\/edilcassvb.com\/en\/wp-json\/wp\/v2\/media?parent=199"}],"curies":[{"name":"wp","href":"https:\/\/api.w.org\/{rel}","templated":true}]}}